{"id":42,"date":"2026-03-25T09:28:14","date_gmt":"2026-03-25T09:28:14","guid":{"rendered":"https:\/\/uniqphotonics.com\/paslaugos\/"},"modified":"2026-03-25T09:38:55","modified_gmt":"2026-03-25T09:38:55","slug":"paslaugos","status":"publish","type":"page","link":"https:\/\/uniqphotonics.com\/en\/paslaugos\/","title":{"rendered":"Paslaugos"},"content":{"rendered":"<div class=\"wp-block-group alignfull is-style-ext-preset--group--natural-1--section has-background-background-color has-background has-global-padding is-layout-constrained wp-container-core-group-is-layout-f72f1611 wp-block-group-is-layout-constrained\" id=\"paslaugos\" style=\"margin-top:0;margin-bottom:0;padding-top:var(--wp--preset--spacing--70);padding-bottom:var(--wp--preset--spacing--70)\">\n<div class=\"wp-block-group alignwide ext-is-logical-start has-global-padding is-content-justification-left is-layout-constrained wp-container-core-group-is-layout-6729bdbe wp-block-group-is-layout-constrained\">\n<h2 class=\"wp-block-heading ext-animate--on\">Optin\u0117s komponent\u0117s lazeriams ir tyrim\u0173 laboratorijoms<\/h2>\n\n\n\n<p class=\"has-text-align-left ext-animate--on\">M\u016bs\u0173 paslaug\u0173 spektras apima pa\u017eangius sprendimus, orientuotus \u012f kokyb\u0119 ir patikimum\u0105.<\/p>\n<\/div>\n\n\n\n<div class=\"wp-block-columns alignwide is-layout-flex wp-container-core-columns-is-layout-08c01c1c wp-block-columns-is-layout-flex\">\n<div class=\"wp-block-column is-vertically-aligned-stretch ext-animate--on is-layout-flow wp-container-core-column-is-layout-f5bb311e wp-block-column-is-layout-flow\">\n<div class=\"wp-block-group is-style-ext-preset--group--natural-1--item-card-1--align-start has-global-padding is-layout-constrained wp-block-group-is-layout-constrained is-style-ext-preset--group--natural-1--item-card-1--align-start--2\">\n<div class=\"wp-block-group is-style-default has-global-padding is-layout-constrained wp-block-group-is-layout-constrained\">\n<figure class=\"wp-block-image size-large ext-aspect-landscape wp-duotone-primary-foreground\"><img decoding=\"async\" src=\"data:image\/svg+xml;base64,PHN2ZyB4bWxucz0iaHR0cDovL3d3dy53My5vcmcvMjAwMC9zdmciIHdpZHRoPSI0OCIgaGVpZ2h0PSI0OCIgZmlsbD0iIzAwMDAwMCIgdmlld0JveD0iMCAwIDI1NiAyNTYiPjxwYXRoIGQ9Ik0xNzIsNzZhNDQsNDQsMCwxLDAtNDQsNDRBNDQuMDUsNDQuMDUsMCwwLDAsMTcyLDc2Wm0tNDQsMjhhMjgsMjgsMCwxLDEsMjgtMjhBMjgsMjgsMCwwLDEsMTI4LDEwNFptNjAsMjRhNDQsNDQsMCwxLDAsNDQsNDRBNDQuMDUsNDQuMDUsMCwwLDAsMTg4LDEyOFptMCw3MmEyOCwyOCwwLDEsMSwyOC0yOEEyOCwyOCwwLDAsMSwxODgsMjAwWk02OCwxMjhhNDQsNDQsMCwxLDAsNDQsNDRBNDQuMDUsNDQuMDUsMCwwLDAsNjgsMTI4Wm0wLDcyYTI4LDI4LDAsMSwxLDI4LTI4QTI4LDI4LDAsMCwxLDY4LDIwMFoiPjwvcGF0aD48L3N2Zz4=\" alt=\"\" style=\"object-fit:cover\"\/><\/figure>\n\n\n\n<h3 class=\"wp-block-heading\">Individual\u016bs sprendimai<\/h3>\n\n\n\n<p>Mes pritaikome paslaugas tiksliai pagal j\u016bs\u0173 mokslinius ir pramoninius poreikius.<\/p>\n<\/div>\n<\/div>\n<\/div>\n\n\n\n<div class=\"wp-block-column is-vertically-aligned-stretch ext-animate--on is-layout-flow wp-container-core-column-is-layout-f5bb311e wp-block-column-is-layout-flow\">\n<div class=\"wp-block-group is-style-ext-preset--group--natural-1--item-card-1--align-start has-global-padding is-layout-constrained wp-block-group-is-layout-constrained is-style-ext-preset--group--natural-1--item-card-1--align-start--3\">\n<div class=\"wp-block-group is-style-default has-global-padding is-layout-constrained wp-block-group-is-layout-constrained\">\n<figure class=\"wp-block-image size-large ext-aspect-landscape wp-duotone-primary-foreground\"><img decoding=\"async\" src=\"data:image\/svg+xml;base64,PHN2ZyB4bWxucz0iaHR0cDovL3d3dy53My5vcmcvMjAwMC9zdmciIHdpZHRoPSI0OCIgaGVpZ2h0PSI0OCIgZmlsbD0iIzAwMDAwMCIgdmlld0JveD0iMCAwIDI1NiAyNTYiPjxwYXRoIGQ9Ik04MCw0MGE0MCw0MCwwLDEsMCw0MCw0MEE0MCw0MCwwLDAsMCw4MCw0MFptMCw2NGEyNCwyNCwwLDEsMSwyNC0yNEEyNCwyNCwwLDAsMSw4MCwxMDRabTk2LDE2YTQwLDQwLDAsMSwwLTQwLTQwQTQwLDQwLDAsMCwwLDE3NiwxMjBabTAtNjRhMjQsMjQsMCwxLDEtMjQsMjRBMjQsMjQsMCwwLDEsMTc2LDU2Wk04MCwxMzZhNDAsNDAsMCwxLDAsNDAsNDBBNDAsNDAsMCwwLDAsODAsMTM2Wm0wLDY0YTI0LDI0LDAsMSwxLDI0LTI0QTI0LDI0LDAsMCwxLDgwLDIwMFptOTYtNjRhNDAsNDAsMCwxLDAsNDAsNDBBNDAsNDAsMCwwLDAsMTc2LDEzNlptMCw2NGEyNCwyNCwwLDEsMSwyNC0yNEEyNCwyNCwwLDAsMSwxNzYsMjAwWiI+PC9wYXRoPjwvc3ZnPg==\" alt=\"\" style=\"object-fit:cover\"\/><\/figure>\n\n\n\n<h3 class=\"wp-block-heading\">Technin\u0117 konsultacija<\/h3>\n\n\n\n<p>Suteikiame profesionalias konsultacijas, kad j\u016bs\u0173 projektai b\u016bt\u0173 s\u0117kmingi.<\/p>\n<\/div>\n<\/div>\n<\/div>\n\n\n\n<div class=\"wp-block-column is-vertically-aligned-stretch ext-animate--on is-layout-flow wp-container-core-column-is-layout-f5bb311e wp-block-column-is-layout-flow\">\n<div class=\"wp-block-group is-style-ext-preset--group--natural-1--item-card-1--align-start has-global-padding is-layout-constrained wp-block-group-is-layout-constrained is-style-ext-preset--group--natural-1--item-card-1--align-start--4\">\n<div class=\"wp-block-group is-style-default has-global-padding is-layout-constrained wp-block-group-is-layout-constrained\">\n<figure class=\"wp-block-image size-large ext-aspect-landscape wp-duotone-primary-foreground\"><img decoding=\"async\" src=\"data:image\/svg+xml;base64,PHN2ZyB4bWxucz0iaHR0cDovL3d3dy53My5vcmcvMjAwMC9zdmciIHdpZHRoPSI0OCIgaGVpZ2h0PSI0OCIgZmlsbD0iIzAwMDAwMCIgdmlld0JveD0iMCAwIDI1NiAyNTYiPjxwYXRoIGQ9Ik04MCw0MGE0MCw0MCwwLDEsMCw0MCw0MEE0MCw0MCwwLDAsMCw4MCw0MFptMCw2NGEyNCwyNCwwLDEsMSwyNC0yNEEyNCwyNCwwLDAsMSw4MCwxMDRabTk2LDE2YTQwLDQwLDAsMSwwLTQwLTQwQTQwLDQwLDAsMCwwLDE3NiwxMjBabTAtNjRhMjQsMjQsMCwxLDEtMjQsMjRBMjQsMjQsMCwwLDEsMTc2LDU2Wk04MCwxMzZhNDAsNDAsMCwxLDAsNDAsNDBBNDAsNDAsMCwwLDAsODAsMTM2Wm0wLDY0YTI0LDI0LDAsMSwxLDI0LTI0QTI0LDI0LDAsMCwxLDgwLDIwMFptMTM2LTI0YTgsOCwwLDAsMS04LDhIMTg0djI0YTgsOCwwLDAsMS0xNiwwVjE4NEgxNDRhOCw4LDAsMCwxLDAtMTZoMjRWMTQ0YTgsOCwwLDAsMSwxNiwwdjI0aDI0QTgsOCwwLDAsMSwyMTYsMTc2WiI+PC9wYXRoPjwvc3ZnPg==\" alt=\"\" style=\"object-fit:cover\"\/><\/figure>\n\n\n\n<h3 class=\"wp-block-heading\">Greita ir patikima tiekimo grandin\u0117<\/h3>\n\n\n\n<p>Organizuojame efektyv\u0173 ir patikim\u0105 optini\u0173 komponent\u0173 tiekim\u0105 j\u016bs\u0173 laboratorijai.<\/p>\n<\/div>\n<\/div>\n<\/div>\n<\/div>\n<\/div>\n\n<div class=\"wp-block-group alignfull is-style-ext-preset--group--natural-1--section has-tertiary-background-color has-background has-global-padding is-layout-constrained wp-block-group-is-layout-constrained\" style=\"margin-top:0;margin-bottom:0;padding-top:var(--wp--preset--spacing--70);padding-bottom:var(--wp--preset--spacing--70)\">\n<div class=\"wp-block-columns alignwide are-vertically-aligned-center is-layout-flex wp-container-core-columns-is-layout-174606dc wp-block-columns-is-layout-flex\">\n<div class=\"wp-block-column is-vertically-aligned-center is-layout-flow wp-block-column-is-layout-flow\">\n<div class=\"wp-block-columns is-layout-flex wp-container-core-columns-is-layout-ea69a204 wp-block-columns-is-layout-flex\">\n<div class=\"wp-block-column ext-animate--on is-layout-flow wp-container-core-column-is-layout-22223934 wp-block-column-is-layout-flow\" style=\"flex-basis:136px\">\n<figure class=\"wp-block-image is-style-ext-preset--image--natural-1--image-1--content-left is-style-ext-preset--image--natural-1--image-1--content-left--6\"><img loading=\"lazy\" decoding=\"async\" width=\"1440\" height=\"960\" class=\"wp-image-91\" src=\"https:\/\/uniqphotonics.com\/wp-content\/uploads\/2026\/03\/d8ae5bd1bafe8b27531e9ead186c1cecb6cebb64.jpg\" alt=\"\" style=\"aspect-ratio:1;object-fit:cover\" srcset=\"https:\/\/uniqphotonics.com\/wp-content\/uploads\/2026\/03\/d8ae5bd1bafe8b27531e9ead186c1cecb6cebb64.jpg 1440w, https:\/\/uniqphotonics.com\/wp-content\/uploads\/2026\/03\/d8ae5bd1bafe8b27531e9ead186c1cecb6cebb64-300x200.jpg 300w, https:\/\/uniqphotonics.com\/wp-content\/uploads\/2026\/03\/d8ae5bd1bafe8b27531e9ead186c1cecb6cebb64-1024x683.jpg 1024w, https:\/\/uniqphotonics.com\/wp-content\/uploads\/2026\/03\/d8ae5bd1bafe8b27531e9ead186c1cecb6cebb64-768x512.jpg 768w, https:\/\/uniqphotonics.com\/wp-content\/uploads\/2026\/03\/d8ae5bd1bafe8b27531e9ead186c1cecb6cebb64-18x12.jpg 18w, https:\/\/uniqphotonics.com\/wp-content\/uploads\/2026\/03\/d8ae5bd1bafe8b27531e9ead186c1cecb6cebb64-600x400.jpg 600w\" sizes=\"auto, (max-width: 1440px) 100vw, 1440px\" \/><\/figure>\n\n\n\n<figure class=\"wp-block-image is-style-ext-preset--image--natural-1--image-1--content-left is-style-ext-preset--image--natural-1--image-1--content-left--7\"><img loading=\"lazy\" decoding=\"async\" width=\"1440\" height=\"1080\" class=\"wp-image-87\" src=\"https:\/\/uniqphotonics.com\/wp-content\/uploads\/2026\/03\/d984b307eb3ee45053bfc2728d238fcd745422b4.jpg\" alt=\"\" style=\"aspect-ratio:1;object-fit:cover\" srcset=\"https:\/\/uniqphotonics.com\/wp-content\/uploads\/2026\/03\/d984b307eb3ee45053bfc2728d238fcd745422b4.jpg 1440w, https:\/\/uniqphotonics.com\/wp-content\/uploads\/2026\/03\/d984b307eb3ee45053bfc2728d238fcd745422b4-300x225.jpg 300w, https:\/\/uniqphotonics.com\/wp-content\/uploads\/2026\/03\/d984b307eb3ee45053bfc2728d238fcd745422b4-1024x768.jpg 1024w, https:\/\/uniqphotonics.com\/wp-content\/uploads\/2026\/03\/d984b307eb3ee45053bfc2728d238fcd745422b4-768x576.jpg 768w, https:\/\/uniqphotonics.com\/wp-content\/uploads\/2026\/03\/d984b307eb3ee45053bfc2728d238fcd745422b4-16x12.jpg 16w, https:\/\/uniqphotonics.com\/wp-content\/uploads\/2026\/03\/d984b307eb3ee45053bfc2728d238fcd745422b4-600x450.jpg 600w\" sizes=\"auto, (max-width: 1440px) 100vw, 1440px\" \/><\/figure>\n\n\n\n<figure class=\"wp-block-image is-style-ext-preset--image--natural-1--image-1--content-left is-style-ext-preset--image--natural-1--image-1--content-left--8\"><img loading=\"lazy\" decoding=\"async\" width=\"1440\" height=\"960\" class=\"wp-image-89\" src=\"https:\/\/uniqphotonics.com\/wp-content\/uploads\/2026\/03\/9c75e74f622d4a84b892f04073569b406e69fc03.jpg\" alt=\"\" style=\"aspect-ratio:1;object-fit:cover\" srcset=\"https:\/\/uniqphotonics.com\/wp-content\/uploads\/2026\/03\/9c75e74f622d4a84b892f04073569b406e69fc03.jpg 1440w, https:\/\/uniqphotonics.com\/wp-content\/uploads\/2026\/03\/9c75e74f622d4a84b892f04073569b406e69fc03-300x200.jpg 300w, https:\/\/uniqphotonics.com\/wp-content\/uploads\/2026\/03\/9c75e74f622d4a84b892f04073569b406e69fc03-1024x683.jpg 1024w, https:\/\/uniqphotonics.com\/wp-content\/uploads\/2026\/03\/9c75e74f622d4a84b892f04073569b406e69fc03-768x512.jpg 768w, https:\/\/uniqphotonics.com\/wp-content\/uploads\/2026\/03\/9c75e74f622d4a84b892f04073569b406e69fc03-18x12.jpg 18w, https:\/\/uniqphotonics.com\/wp-content\/uploads\/2026\/03\/9c75e74f622d4a84b892f04073569b406e69fc03-600x400.jpg 600w\" sizes=\"auto, (max-width: 1440px) 100vw, 1440px\" \/><\/figure>\n\n\n\n<figure class=\"wp-block-image is-style-ext-preset--image--natural-1--image-1--content-left is-style-ext-preset--image--natural-1--image-1--content-left--9\"><img loading=\"lazy\" decoding=\"async\" width=\"1280\" height=\"720\" class=\"wp-image-92\" src=\"https:\/\/uniqphotonics.com\/wp-content\/uploads\/2026\/03\/dad7e8c9442b3da7ee06673ed2fa6b3f81f78c0e.jpg\" alt=\"\" style=\"aspect-ratio:1;object-fit:cover\" srcset=\"https:\/\/uniqphotonics.com\/wp-content\/uploads\/2026\/03\/dad7e8c9442b3da7ee06673ed2fa6b3f81f78c0e.jpg 1280w, https:\/\/uniqphotonics.com\/wp-content\/uploads\/2026\/03\/dad7e8c9442b3da7ee06673ed2fa6b3f81f78c0e-300x169.jpg 300w, https:\/\/uniqphotonics.com\/wp-content\/uploads\/2026\/03\/dad7e8c9442b3da7ee06673ed2fa6b3f81f78c0e-1024x576.jpg 1024w, https:\/\/uniqphotonics.com\/wp-content\/uploads\/2026\/03\/dad7e8c9442b3da7ee06673ed2fa6b3f81f78c0e-768x432.jpg 768w, https:\/\/uniqphotonics.com\/wp-content\/uploads\/2026\/03\/dad7e8c9442b3da7ee06673ed2fa6b3f81f78c0e-18x10.jpg 18w, https:\/\/uniqphotonics.com\/wp-content\/uploads\/2026\/03\/dad7e8c9442b3da7ee06673ed2fa6b3f81f78c0e-600x338.jpg 600w\" sizes=\"auto, (max-width: 1280px) 100vw, 1280px\" \/><\/figure>\n<\/div>\n\n\n\n<div class=\"wp-block-column ext-animate--on is-layout-flow wp-block-column-is-layout-flow\">\n<div class=\"wp-block-cover is-style-ext-preset--image--natural-1--image-1--content-right is-style-ext-preset--image--natural-1--image-1--content-right--10\" style=\"padding-top:0;padding-bottom:0;min-height:100%;aspect-ratio:unset;\"><img loading=\"lazy\" decoding=\"async\" width=\"1280\" height=\"853\" class=\"wp-block-cover__image-background wp-image-85\" alt=\"\" src=\"https:\/\/uniqphotonics.com\/wp-content\/uploads\/2026\/03\/152e938b5946b763af6c8c0e247bb2c7a68b01ad.jpg\" data-object-fit=\"cover\" srcset=\"https:\/\/uniqphotonics.com\/wp-content\/uploads\/2026\/03\/152e938b5946b763af6c8c0e247bb2c7a68b01ad.jpg 1280w, https:\/\/uniqphotonics.com\/wp-content\/uploads\/2026\/03\/152e938b5946b763af6c8c0e247bb2c7a68b01ad-300x200.jpg 300w, https:\/\/uniqphotonics.com\/wp-content\/uploads\/2026\/03\/152e938b5946b763af6c8c0e247bb2c7a68b01ad-1024x682.jpg 1024w, https:\/\/uniqphotonics.com\/wp-content\/uploads\/2026\/03\/152e938b5946b763af6c8c0e247bb2c7a68b01ad-768x512.jpg 768w, https:\/\/uniqphotonics.com\/wp-content\/uploads\/2026\/03\/152e938b5946b763af6c8c0e247bb2c7a68b01ad-18x12.jpg 18w, https:\/\/uniqphotonics.com\/wp-content\/uploads\/2026\/03\/152e938b5946b763af6c8c0e247bb2c7a68b01ad-600x400.jpg 600w\" sizes=\"auto, (max-width: 1280px) 100vw, 1280px\" \/><span aria-hidden=\"true\" class=\"wp-block-cover__background has-background-dim-0 has-background-dim\"><\/span><div class=\"wp-block-cover__inner-container is-layout-flow wp-block-cover-is-layout-flow\">\n<div style=\"height:240px\" aria-hidden=\"true\" class=\"wp-block-spacer\"><\/div>\n<\/div><\/div>\n<\/div>\n<\/div>\n<\/div>\n\n\n\n<div class=\"wp-block-column is-vertically-aligned-center is-layout-flow wp-block-column-is-layout-flow\">\n<h2 class=\"wp-block-heading ext-animate--on\">Optiniai komponentai<\/h2>\n\n\n\n<p class=\"ext-animate--on\" style=\"margin-top:1.5rem\">Atraskite m\u016bs\u0173 auk\u0161tos kokyb\u0117s optinius komponentus, skirtus lazeri\u0173 ir mokslini\u0173 tyrim\u0173 laboratorijoms. M\u016bs\u0173 produktai pasi\u017eymi precizi\u0161kumu, ilgaam\u017ei\u0161kumu ir inovatyvumu, u\u017etikrinantys patikim\u0105 veikim\u0105 ir tikslum\u0105 j\u016bs\u0173 projektuose.<\/p>\n\n\n\n<div class=\"wp-block-buttons ext-animate--on is-layout-flex wp-block-buttons-is-layout-flex\">\n<div class=\"wp-block-button is-style-ext-preset--button--natural-1--button-1 is-style-ext-preset--button--natural-1--button-1--11\"><a class=\"wp-block-button__link wp-element-button\" href=\"https:\/\/uniqphotonics.com\/en\/uzsakymas\/\">U\u017esisakyti dabar<\/a><\/div>\n<\/div>\n<\/div>\n<\/div>\n<\/div>\n\n<div class=\"wp-block-group alignfull is-style-ext-preset--group--natural-1--section has-background-background-color has-background has-global-padding is-layout-constrained wp-container-core-group-is-layout-e955bbaf wp-block-group-is-layout-constrained\" id=\"savybes\" style=\"margin-top:0;margin-bottom:0;padding-top:var(--wp--preset--spacing--70);padding-bottom:var(--wp--preset--spacing--70)\">\n<div class=\"wp-block-group alignwide ext-is-logical-start has-global-padding is-content-justification-left is-layout-constrained wp-container-core-group-is-layout-6729bdbe wp-block-group-is-layout-constrained\">\n<h2 class=\"wp-block-heading ext-animate--on\">Platus optini\u0173 komponent\u0173 pasirinkimas<\/h2>\n\n\n\n<p class=\"has-text-align-left ext-animate--on\">Atraskite m\u016bs\u0173 auk\u0161tos kokyb\u0117s optinius komponentus, kurie u\u017etikrina tikslum\u0105 ir patikimum\u0105 j\u016bs\u0173 lazeri\u0173 ir laboratorij\u0173 poreikiams.<\/p>\n<\/div>\n\n\n\n<div class=\"wp-block-columns alignwide is-layout-flex wp-container-core-columns-is-layout-87beb0d0 wp-block-columns-is-layout-flex\">\n<div class=\"wp-block-column is-vertically-aligned-stretch ext-animate--on is-layout-flow wp-container-core-column-is-layout-119bc444 wp-block-column-is-layout-flow\">\n<div class=\"wp-block-media-text is-stacked-on-mobile is-image-fill-element is-style-ext-preset--media-text--natural-1--card-1 has-tertiary-background-color has-background is-style-ext-preset--media-text--natural-1--card-1--13\"><figure class=\"wp-block-media-text__media\"><img loading=\"lazy\" decoding=\"async\" width=\"1440\" height=\"960\" class=\"wp-image-89 size-full\" src=\"https:\/\/uniqphotonics.com\/wp-content\/uploads\/2026\/03\/9c75e74f622d4a84b892f04073569b406e69fc03.jpg\" alt=\"\" style=\"object-position:50% 50%\" srcset=\"https:\/\/uniqphotonics.com\/wp-content\/uploads\/2026\/03\/9c75e74f622d4a84b892f04073569b406e69fc03.jpg 1440w, https:\/\/uniqphotonics.com\/wp-content\/uploads\/2026\/03\/9c75e74f622d4a84b892f04073569b406e69fc03-300x200.jpg 300w, https:\/\/uniqphotonics.com\/wp-content\/uploads\/2026\/03\/9c75e74f622d4a84b892f04073569b406e69fc03-1024x683.jpg 1024w, https:\/\/uniqphotonics.com\/wp-content\/uploads\/2026\/03\/9c75e74f622d4a84b892f04073569b406e69fc03-768x512.jpg 768w, https:\/\/uniqphotonics.com\/wp-content\/uploads\/2026\/03\/9c75e74f622d4a84b892f04073569b406e69fc03-18x12.jpg 18w, https:\/\/uniqphotonics.com\/wp-content\/uploads\/2026\/03\/9c75e74f622d4a84b892f04073569b406e69fc03-600x400.jpg 600w\" sizes=\"auto, (max-width: 1440px) 100vw, 1440px\" \/><\/figure><div class=\"wp-block-media-text__content\">\n<div class=\"wp-block-group is-style-default has-global-padding is-layout-constrained wp-container-core-group-is-layout-9a7b35d3 wp-block-group-is-layout-constrained\" style=\"padding-top:var(--wp--preset--spacing--40);padding-right:var(--wp--preset--spacing--30);padding-bottom:var(--wp--preset--spacing--40);padding-left:var(--wp--preset--spacing--30)\">\n<h3 class=\"wp-block-heading\" style=\"font-size:clamp(15.747px, 0.984rem + ((1vw - 3.2px) * 0.86), 24px);\">Auk\u0161\u010diausios kokyb\u0117s l\u0119\u0161iai<\/h3>\n\n\n\n<p class=\"has-small-font-size\">Tiksliai pagaminti l\u0119\u0161iai, skirti optimaliam \u0161viesos fokusavimui ir skaidrumui.<\/p>\n<\/div>\n<\/div><\/div>\n<\/div>\n\n\n\n<div class=\"wp-block-column is-vertically-aligned-stretch ext-animate--on is-layout-flow wp-container-core-column-is-layout-119bc444 wp-block-column-is-layout-flow\">\n<div class=\"wp-block-media-text is-stacked-on-mobile is-image-fill-element is-style-ext-preset--media-text--natural-1--card-1 has-tertiary-background-color has-background is-style-ext-preset--media-text--natural-1--card-1--14\"><figure class=\"wp-block-media-text__media\"><img loading=\"lazy\" decoding=\"async\" width=\"1280\" height=\"800\" class=\"wp-image-93 size-full\" src=\"https:\/\/uniqphotonics.com\/wp-content\/uploads\/2026\/03\/83ea153eadb12504c15a46f5c91aa1d9f59ae6b9.jpg\" alt=\"\" style=\"object-position:50% 50%\" srcset=\"https:\/\/uniqphotonics.com\/wp-content\/uploads\/2026\/03\/83ea153eadb12504c15a46f5c91aa1d9f59ae6b9.jpg 1280w, https:\/\/uniqphotonics.com\/wp-content\/uploads\/2026\/03\/83ea153eadb12504c15a46f5c91aa1d9f59ae6b9-300x188.jpg 300w, https:\/\/uniqphotonics.com\/wp-content\/uploads\/2026\/03\/83ea153eadb12504c15a46f5c91aa1d9f59ae6b9-1024x640.jpg 1024w, https:\/\/uniqphotonics.com\/wp-content\/uploads\/2026\/03\/83ea153eadb12504c15a46f5c91aa1d9f59ae6b9-768x480.jpg 768w, https:\/\/uniqphotonics.com\/wp-content\/uploads\/2026\/03\/83ea153eadb12504c15a46f5c91aa1d9f59ae6b9-18x12.jpg 18w, https:\/\/uniqphotonics.com\/wp-content\/uploads\/2026\/03\/83ea153eadb12504c15a46f5c91aa1d9f59ae6b9-600x375.jpg 600w\" sizes=\"auto, (max-width: 1280px) 100vw, 1280px\" \/><\/figure><div class=\"wp-block-media-text__content\">\n<div class=\"wp-block-group is-style-default has-global-padding is-layout-constrained wp-container-core-group-is-layout-9a7b35d3 wp-block-group-is-layout-constrained\" style=\"padding-top:var(--wp--preset--spacing--40);padding-right:var(--wp--preset--spacing--30);padding-bottom:var(--wp--preset--spacing--40);padding-left:var(--wp--preset--spacing--30)\">\n<h3 class=\"wp-block-heading\" style=\"font-size:clamp(15.747px, 0.984rem + ((1vw - 3.2px) * 0.86), 24px);\">Specializuoti filtrai<\/h3>\n\n\n\n<p class=\"has-small-font-size\">Filtrai, kurie efektyviai atrenka norimas bangos ilgio sritis, u\u017etikrindami tyrim\u0173 tikslum\u0105.<\/p>\n<\/div>\n<\/div><\/div>\n<\/div>\n<\/div>\n\n\n\n<div class=\"wp-block-columns alignwide is-layout-flex wp-container-core-columns-is-layout-e12f0bcd wp-block-columns-is-layout-flex\" style=\"margin-top:var(--wp--preset--spacing--30)\">\n<div class=\"wp-block-column ext-animate--on is-layout-flow wp-container-core-column-is-layout-119bc444 wp-block-column-is-layout-flow\">\n<div class=\"wp-block-media-text is-stacked-on-mobile is-image-fill-element is-style-ext-preset--media-text--natural-1--card-1 has-tertiary-background-color has-background is-style-ext-preset--media-text--natural-1--card-1--15\"><figure class=\"wp-block-media-text__media\"><img loading=\"lazy\" decoding=\"async\" width=\"960\" height=\"1440\" class=\"wp-image-94 size-full\" src=\"https:\/\/uniqphotonics.com\/wp-content\/uploads\/2026\/03\/43ffb2f5d242291c02c88db000b430fe780ac2f8.jpg\" alt=\"\" style=\"object-position:50% 50%\" srcset=\"https:\/\/uniqphotonics.com\/wp-content\/uploads\/2026\/03\/43ffb2f5d242291c02c88db000b430fe780ac2f8.jpg 960w, https:\/\/uniqphotonics.com\/wp-content\/uploads\/2026\/03\/43ffb2f5d242291c02c88db000b430fe780ac2f8-200x300.jpg 200w, https:\/\/uniqphotonics.com\/wp-content\/uploads\/2026\/03\/43ffb2f5d242291c02c88db000b430fe780ac2f8-683x1024.jpg 683w, https:\/\/uniqphotonics.com\/wp-content\/uploads\/2026\/03\/43ffb2f5d242291c02c88db000b430fe780ac2f8-768x1152.jpg 768w, https:\/\/uniqphotonics.com\/wp-content\/uploads\/2026\/03\/43ffb2f5d242291c02c88db000b430fe780ac2f8-8x12.jpg 8w, https:\/\/uniqphotonics.com\/wp-content\/uploads\/2026\/03\/43ffb2f5d242291c02c88db000b430fe780ac2f8-600x900.jpg 600w\" sizes=\"auto, (max-width: 960px) 100vw, 960px\" \/><\/figure><div class=\"wp-block-media-text__content\">\n<div class=\"wp-block-group is-style-default has-global-padding is-layout-constrained wp-container-core-group-is-layout-9a7b35d3 wp-block-group-is-layout-constrained\" style=\"padding-top:var(--wp--preset--spacing--40);padding-right:var(--wp--preset--spacing--30);padding-bottom:var(--wp--preset--spacing--40);padding-left:var(--wp--preset--spacing--30)\">\n<h3 class=\"wp-block-heading\" style=\"font-size:clamp(15.747px, 0.984rem + ((1vw - 3.2px) * 0.86), 24px);\">Poliarizacijos elementai<\/h3>\n\n\n\n<p class=\"has-small-font-size\">Komponentai, kurie valdo \u0161viesos poliarizacij\u0105, pagerindami sistemos na\u0161um\u0105.<\/p>\n<\/div>\n<\/div><\/div>\n<\/div>\n\n\n\n<div class=\"wp-block-column ext-animate--on is-layout-flow wp-container-core-column-is-layout-119bc444 wp-block-column-is-layout-flow\">\n<div class=\"wp-block-media-text is-stacked-on-mobile is-image-fill-element is-style-ext-preset--media-text--natural-1--card-1 has-tertiary-background-color has-background is-style-ext-preset--media-text--natural-1--card-1--16\"><figure class=\"wp-block-media-text__media\"><img loading=\"lazy\" decoding=\"async\" width=\"1440\" height=\"960\" class=\"wp-image-95 size-full\" src=\"https:\/\/uniqphotonics.com\/wp-content\/uploads\/2026\/03\/53badd46eb20b656d935054019ff1ae99d0d7273.jpg\" alt=\"\" style=\"object-position:50% 50%\" srcset=\"https:\/\/uniqphotonics.com\/wp-content\/uploads\/2026\/03\/53badd46eb20b656d935054019ff1ae99d0d7273.jpg 1440w, https:\/\/uniqphotonics.com\/wp-content\/uploads\/2026\/03\/53badd46eb20b656d935054019ff1ae99d0d7273-300x200.jpg 300w, https:\/\/uniqphotonics.com\/wp-content\/uploads\/2026\/03\/53badd46eb20b656d935054019ff1ae99d0d7273-1024x683.jpg 1024w, https:\/\/uniqphotonics.com\/wp-content\/uploads\/2026\/03\/53badd46eb20b656d935054019ff1ae99d0d7273-768x512.jpg 768w, https:\/\/uniqphotonics.com\/wp-content\/uploads\/2026\/03\/53badd46eb20b656d935054019ff1ae99d0d7273-18x12.jpg 18w, https:\/\/uniqphotonics.com\/wp-content\/uploads\/2026\/03\/53badd46eb20b656d935054019ff1ae99d0d7273-600x400.jpg 600w\" sizes=\"auto, (max-width: 1440px) 100vw, 1440px\" \/><\/figure><div class=\"wp-block-media-text__content\">\n<div class=\"wp-block-group is-style-default has-global-padding is-layout-constrained wp-container-core-group-is-layout-9a7b35d3 wp-block-group-is-layout-constrained\" style=\"padding-top:var(--wp--preset--spacing--40);padding-right:var(--wp--preset--spacing--30);padding-bottom:var(--wp--preset--spacing--40);padding-left:var(--wp--preset--spacing--30)\">\n<h3 class=\"wp-block-heading\" style=\"font-size:clamp(15.747px, 0.984rem + ((1vw - 3.2px) * 0.86), 24px);\">Optiniai veidrod\u017eiai<\/h3>\n\n\n\n<p class=\"has-small-font-size\">Auk\u0161tos refleksijos veidrod\u017eiai, pritaikyti lazeri\u0173 ir mokslini\u0173 \u012frengini\u0173 poreikiams.<\/p>\n<\/div>\n<\/div><\/div>\n<\/div>\n<\/div>\n<\/div>","protected":false},"excerpt":{"rendered":"<p>Optin\u0117s komponent\u0117s lazeriams ir tyrim\u0173 laboratorijoms M\u016bs\u0173 paslaug\u0173 spektras apima pa\u017eangius sprendimus, orientuotus \u012f kokyb\u0119 ir patikimum\u0105. Individual\u016bs sprendimai Mes pritaikome paslaugas tiksliai pagal j\u016bs\u0173 mokslinius ir pramoninius poreikius. Technin\u0117 konsultacija Suteikiame profesionalias konsultacijas, kad j\u016bs\u0173 projektai b\u016bt\u0173 s\u0117kmingi. Greita ir patikima tiekimo grandin\u0117 Organizuojame efektyv\u0173 ir patikim\u0105 optini\u0173 komponent\u0173 tiekim\u0105 j\u016bs\u0173 laboratorijai. Optiniai komponentai [&hellip;]<\/p>\n","protected":false},"author":1,"featured_media":0,"parent":0,"menu_order":0,"comment_status":"closed","ping_status":"closed","template":"page-with-title","meta":{"_monsterinsights_skip_tracking":false,"_monsterinsights_sitenote_active":false,"_monsterinsights_sitenote_note":"","_monsterinsights_sitenote_category":0,"footnotes":""},"class_list":["post-42","page","type-page","status-publish","hentry"],"_links":{"self":[{"href":"https:\/\/uniqphotonics.com\/en\/wp-json\/wp\/v2\/pages\/42","targetHints":{"allow":["GET"]}}],"collection":[{"href":"https:\/\/uniqphotonics.com\/en\/wp-json\/wp\/v2\/pages"}],"about":[{"href":"https:\/\/uniqphotonics.com\/en\/wp-json\/wp\/v2\/types\/page"}],"author":[{"embeddable":true,"href":"https:\/\/uniqphotonics.com\/en\/wp-json\/wp\/v2\/users\/1"}],"replies":[{"embeddable":true,"href":"https:\/\/uniqphotonics.com\/en\/wp-json\/wp\/v2\/comments?post=42"}],"version-history":[{"count":2,"href":"https:\/\/uniqphotonics.com\/en\/wp-json\/wp\/v2\/pages\/42\/revisions"}],"predecessor-version":[{"id":96,"href":"https:\/\/uniqphotonics.com\/en\/wp-json\/wp\/v2\/pages\/42\/revisions\/96"}],"wp:attachment":[{"href":"https:\/\/uniqphotonics.com\/en\/wp-json\/wp\/v2\/media?parent=42"}],"curies":[{"name":"wp","href":"https:\/\/api.w.org\/{rel}","templated":true}]}}