{"id":44,"date":"2026-03-25T09:28:16","date_gmt":"2026-03-25T09:28:16","guid":{"rendered":"https:\/\/uniqphotonics.com\/galerija\/"},"modified":"2026-03-25T09:39:00","modified_gmt":"2026-03-25T09:39:00","slug":"galerija","status":"publish","type":"page","link":"https:\/\/uniqphotonics.com\/en\/galerija\/","title":{"rendered":"Galerija"},"content":{"rendered":"<div class=\"wp-block-group alignfull is-style-ext-preset--group--natural-1--section has-background-background-color has-background has-global-padding is-layout-constrained wp-container-core-group-is-layout-f72f1611 wp-block-group-is-layout-constrained\" id=\"galerija\" style=\"margin-top:0;margin-bottom:0;padding-top:var(--wp--preset--spacing--70);padding-bottom:var(--wp--preset--spacing--70)\">\n<div class=\"wp-block-group alignwide ext-is-logical-start has-global-padding is-content-justification-left is-layout-constrained wp-container-core-group-is-layout-6729bdbe wp-block-group-is-layout-constrained\">\n<h2 class=\"wp-block-heading ext-animate--on\">Auk\u0161tos kokyb\u0117s optiniai komponentai lazeri\u0173 pramonei<\/h2>\n\n\n\n<p class=\"has-text-align-left ext-animate--on\">Galerijoje rasite kruop\u0161\u010diai atrinkt\u0173 vaizd\u0173 rinkin\u012f, atskleid\u017eiant\u012f m\u016bs\u0173 produkt\u0173 unikalum\u0105 ir tikslum\u0105.<\/p>\n<\/div>\n\n\n\n<div class=\"wp-block-columns alignwide is-layout-flex wp-container-core-columns-is-layout-87beb0d0 wp-block-columns-is-layout-flex\">\n<div class=\"wp-block-column is-vertically-aligned-stretch ext-animate--on is-layout-flow wp-container-core-column-is-layout-f5bb311e wp-block-column-is-layout-flow\" style=\"flex-basis:50%\">\n<div class=\"wp-block-cover is-style-ext-preset--image--natural-1--image-1--content-top is-style-ext-preset--image--natural-1--image-1--content-top--2\" style=\"padding-top:0;padding-bottom:0;min-height:100%;aspect-ratio:unset;\"><img loading=\"lazy\" decoding=\"async\" width=\"1280\" height=\"853\" class=\"wp-block-cover__image-background wp-image-85\" alt=\"\" src=\"https:\/\/uniqphotonics.com\/wp-content\/uploads\/2026\/03\/152e938b5946b763af6c8c0e247bb2c7a68b01ad.jpg\" data-object-fit=\"cover\" srcset=\"https:\/\/uniqphotonics.com\/wp-content\/uploads\/2026\/03\/152e938b5946b763af6c8c0e247bb2c7a68b01ad.jpg 1280w, https:\/\/uniqphotonics.com\/wp-content\/uploads\/2026\/03\/152e938b5946b763af6c8c0e247bb2c7a68b01ad-300x200.jpg 300w, https:\/\/uniqphotonics.com\/wp-content\/uploads\/2026\/03\/152e938b5946b763af6c8c0e247bb2c7a68b01ad-1024x682.jpg 1024w, https:\/\/uniqphotonics.com\/wp-content\/uploads\/2026\/03\/152e938b5946b763af6c8c0e247bb2c7a68b01ad-768x512.jpg 768w, https:\/\/uniqphotonics.com\/wp-content\/uploads\/2026\/03\/152e938b5946b763af6c8c0e247bb2c7a68b01ad-18x12.jpg 18w, https:\/\/uniqphotonics.com\/wp-content\/uploads\/2026\/03\/152e938b5946b763af6c8c0e247bb2c7a68b01ad-600x400.jpg 600w\" sizes=\"auto, (max-width: 1280px) 100vw, 1280px\" \/><span aria-hidden=\"true\" class=\"wp-block-cover__background has-background-dim-0 has-background-dim\"><\/span><div class=\"wp-block-cover__inner-container is-layout-flow wp-block-cover-is-layout-flow\">\n<div style=\"height:240px\" aria-hidden=\"true\" class=\"wp-block-spacer\"><\/div>\n<\/div><\/div>\n<\/div>\n\n\n\n<div class=\"wp-block-column is-vertically-aligned-top ext-animate--on is-layout-flow wp-container-core-column-is-layout-f5bb311e wp-block-column-is-layout-flow\">\n<figure class=\"wp-block-image is-style-ext-preset--image--natural-1--image-1--content-top is-style-ext-preset--image--natural-1--image-1--content-top--3\"><img loading=\"lazy\" decoding=\"async\" width=\"1280\" height=\"720\" class=\"wp-image-102\" src=\"https:\/\/uniqphotonics.com\/wp-content\/uploads\/2026\/03\/640cf32c9769be59758de230ce24f07550654969.jpg\" alt=\"\" style=\"aspect-ratio:1;object-fit:cover\" srcset=\"https:\/\/uniqphotonics.com\/wp-content\/uploads\/2026\/03\/640cf32c9769be59758de230ce24f07550654969.jpg 1280w, https:\/\/uniqphotonics.com\/wp-content\/uploads\/2026\/03\/640cf32c9769be59758de230ce24f07550654969-300x169.jpg 300w, https:\/\/uniqphotonics.com\/wp-content\/uploads\/2026\/03\/640cf32c9769be59758de230ce24f07550654969-1024x576.jpg 1024w, https:\/\/uniqphotonics.com\/wp-content\/uploads\/2026\/03\/640cf32c9769be59758de230ce24f07550654969-768x432.jpg 768w, https:\/\/uniqphotonics.com\/wp-content\/uploads\/2026\/03\/640cf32c9769be59758de230ce24f07550654969-18x10.jpg 18w, https:\/\/uniqphotonics.com\/wp-content\/uploads\/2026\/03\/640cf32c9769be59758de230ce24f07550654969-600x338.jpg 600w\" sizes=\"auto, (max-width: 1280px) 100vw, 1280px\" \/><\/figure>\n\n\n\n<figure class=\"wp-block-image is-style-ext-preset--image--natural-1--image-1--content-top is-style-ext-preset--image--natural-1--image-1--content-top--4\"><img loading=\"lazy\" decoding=\"async\" width=\"1280\" height=\"800\" class=\"wp-image-93\" src=\"https:\/\/uniqphotonics.com\/wp-content\/uploads\/2026\/03\/83ea153eadb12504c15a46f5c91aa1d9f59ae6b9.jpg\" alt=\"\" style=\"aspect-ratio:1;object-fit:cover\" srcset=\"https:\/\/uniqphotonics.com\/wp-content\/uploads\/2026\/03\/83ea153eadb12504c15a46f5c91aa1d9f59ae6b9.jpg 1280w, https:\/\/uniqphotonics.com\/wp-content\/uploads\/2026\/03\/83ea153eadb12504c15a46f5c91aa1d9f59ae6b9-300x188.jpg 300w, https:\/\/uniqphotonics.com\/wp-content\/uploads\/2026\/03\/83ea153eadb12504c15a46f5c91aa1d9f59ae6b9-1024x640.jpg 1024w, https:\/\/uniqphotonics.com\/wp-content\/uploads\/2026\/03\/83ea153eadb12504c15a46f5c91aa1d9f59ae6b9-768x480.jpg 768w, https:\/\/uniqphotonics.com\/wp-content\/uploads\/2026\/03\/83ea153eadb12504c15a46f5c91aa1d9f59ae6b9-18x12.jpg 18w, https:\/\/uniqphotonics.com\/wp-content\/uploads\/2026\/03\/83ea153eadb12504c15a46f5c91aa1d9f59ae6b9-600x375.jpg 600w\" sizes=\"auto, (max-width: 1280px) 100vw, 1280px\" \/><\/figure>\n<\/div>\n\n\n\n<div class=\"wp-block-column is-vertically-aligned-top ext-animate--on is-layout-flow wp-container-core-column-is-layout-f5bb311e wp-block-column-is-layout-flow\">\n<figure class=\"wp-block-image is-style-ext-preset--image--natural-1--image-1--content-top is-style-ext-preset--image--natural-1--image-1--content-top--5\"><img loading=\"lazy\" decoding=\"async\" width=\"1440\" height=\"960\" class=\"wp-image-91\" src=\"https:\/\/uniqphotonics.com\/wp-content\/uploads\/2026\/03\/d8ae5bd1bafe8b27531e9ead186c1cecb6cebb64.jpg\" alt=\"\" style=\"aspect-ratio:1;object-fit:cover\" srcset=\"https:\/\/uniqphotonics.com\/wp-content\/uploads\/2026\/03\/d8ae5bd1bafe8b27531e9ead186c1cecb6cebb64.jpg 1440w, https:\/\/uniqphotonics.com\/wp-content\/uploads\/2026\/03\/d8ae5bd1bafe8b27531e9ead186c1cecb6cebb64-300x200.jpg 300w, https:\/\/uniqphotonics.com\/wp-content\/uploads\/2026\/03\/d8ae5bd1bafe8b27531e9ead186c1cecb6cebb64-1024x683.jpg 1024w, https:\/\/uniqphotonics.com\/wp-content\/uploads\/2026\/03\/d8ae5bd1bafe8b27531e9ead186c1cecb6cebb64-768x512.jpg 768w, https:\/\/uniqphotonics.com\/wp-content\/uploads\/2026\/03\/d8ae5bd1bafe8b27531e9ead186c1cecb6cebb64-18x12.jpg 18w, https:\/\/uniqphotonics.com\/wp-content\/uploads\/2026\/03\/d8ae5bd1bafe8b27531e9ead186c1cecb6cebb64-600x400.jpg 600w\" sizes=\"auto, (max-width: 1440px) 100vw, 1440px\" \/><\/figure>\n\n\n\n<figure class=\"wp-block-image is-style-ext-preset--image--natural-1--image-1--content-top is-style-ext-preset--image--natural-1--image-1--content-top--6\"><img loading=\"lazy\" decoding=\"async\" width=\"1440\" height=\"960\" class=\"wp-image-89\" src=\"https:\/\/uniqphotonics.com\/wp-content\/uploads\/2026\/03\/9c75e74f622d4a84b892f04073569b406e69fc03.jpg\" alt=\"\" style=\"aspect-ratio:1;object-fit:cover\" srcset=\"https:\/\/uniqphotonics.com\/wp-content\/uploads\/2026\/03\/9c75e74f622d4a84b892f04073569b406e69fc03.jpg 1440w, https:\/\/uniqphotonics.com\/wp-content\/uploads\/2026\/03\/9c75e74f622d4a84b892f04073569b406e69fc03-300x200.jpg 300w, https:\/\/uniqphotonics.com\/wp-content\/uploads\/2026\/03\/9c75e74f622d4a84b892f04073569b406e69fc03-1024x683.jpg 1024w, https:\/\/uniqphotonics.com\/wp-content\/uploads\/2026\/03\/9c75e74f622d4a84b892f04073569b406e69fc03-768x512.jpg 768w, https:\/\/uniqphotonics.com\/wp-content\/uploads\/2026\/03\/9c75e74f622d4a84b892f04073569b406e69fc03-18x12.jpg 18w, https:\/\/uniqphotonics.com\/wp-content\/uploads\/2026\/03\/9c75e74f622d4a84b892f04073569b406e69fc03-600x400.jpg 600w\" sizes=\"auto, (max-width: 1440px) 100vw, 1440px\" \/><\/figure>\n<\/div>\n<\/div>\n<\/div>\n\n<div class=\"wp-block-group alignfull is-style-ext-preset--group--natural-1--section has-tertiary-background-color has-background has-global-padding is-layout-constrained wp-block-group-is-layout-constrained\" style=\"margin-top:0;margin-bottom:0;padding-top:var(--wp--preset--spacing--70);padding-bottom:var(--wp--preset--spacing--70)\">\n<div class=\"wp-block-columns alignwide are-vertically-aligned-center is-layout-flex wp-container-core-columns-is-layout-174606dc wp-block-columns-is-layout-flex\">\n<div class=\"wp-block-column is-vertically-aligned-center is-layout-flow wp-block-column-is-layout-flow\">\n<h2 class=\"wp-block-heading ext-animate--on\">Optiniai komponentai<\/h2>\n\n\n\n<p class=\"ext-animate--on\" style=\"margin-top:1.5rem\">M\u016bs\u0173 optiniai komponentai pasi\u017eymi auk\u0161\u010diausia kokybe ir tikslumu, u\u017etikrindami nepriekai\u0161ting\u0105 lazerini\u0173 sistem\u0173 veikim\u0105. Sukurti profesionaliems moksliniams ir pramoniniams tyrimams, jie pagerina optinius signalus, pasi\u017eymi patvarumu ir inovatyviais sprendimais, prisidedan\u010diais prie efektyvumo ir tvarumo.<\/p>\n\n\n\n<div class=\"wp-block-buttons ext-animate--on is-layout-flex wp-block-buttons-is-layout-flex\">\n<div class=\"wp-block-button is-style-ext-preset--button--natural-1--button-1 is-style-ext-preset--button--natural-1--button-1--8\"><a class=\"wp-block-button__link wp-element-button\" href=\"https:\/\/uniqphotonics.com\/en\/uzsakymas\/\">U\u017esisakyti dabar<\/a><\/div>\n<\/div>\n<\/div>\n\n\n\n<div class=\"wp-block-column is-vertically-aligned-center is-layout-flow wp-block-column-is-layout-flow\">\n<figure class=\"wp-block-image is-style-ext-preset--image--natural-1--image-1--content-left ext-animate--on is-style-ext-preset--image--natural-1--image-1--content-left--9\"><img loading=\"lazy\" decoding=\"async\" width=\"1280\" height=\"720\" class=\"wp-image-97\" src=\"https:\/\/uniqphotonics.com\/wp-content\/uploads\/2026\/03\/380ebdfbbab432731c2ec5445fdd2dbb5cc9540a.jpg\" alt=\"\" style=\"aspect-ratio:1;object-fit:cover\" srcset=\"https:\/\/uniqphotonics.com\/wp-content\/uploads\/2026\/03\/380ebdfbbab432731c2ec5445fdd2dbb5cc9540a.jpg 1280w, https:\/\/uniqphotonics.com\/wp-content\/uploads\/2026\/03\/380ebdfbbab432731c2ec5445fdd2dbb5cc9540a-300x169.jpg 300w, https:\/\/uniqphotonics.com\/wp-content\/uploads\/2026\/03\/380ebdfbbab432731c2ec5445fdd2dbb5cc9540a-1024x576.jpg 1024w, https:\/\/uniqphotonics.com\/wp-content\/uploads\/2026\/03\/380ebdfbbab432731c2ec5445fdd2dbb5cc9540a-768x432.jpg 768w, https:\/\/uniqphotonics.com\/wp-content\/uploads\/2026\/03\/380ebdfbbab432731c2ec5445fdd2dbb5cc9540a-18x10.jpg 18w, https:\/\/uniqphotonics.com\/wp-content\/uploads\/2026\/03\/380ebdfbbab432731c2ec5445fdd2dbb5cc9540a-600x338.jpg 600w\" sizes=\"auto, (max-width: 1280px) 100vw, 1280px\" \/><\/figure>\n<\/div>\n<\/div>\n<\/div>\n\n<div class=\"wp-block-group alignfull is-style-ext-preset--group--natural-1--section has-background-background-color has-background has-global-padding is-layout-constrained wp-container-core-group-is-layout-e955bbaf wp-block-group-is-layout-constrained\" id=\"savybes\" style=\"margin-top:0;margin-bottom:0;padding-top:var(--wp--preset--spacing--70);padding-bottom:var(--wp--preset--spacing--70)\">\n<div class=\"wp-block-group alignwide ext-is-logical-start has-global-padding is-content-justification-left is-layout-constrained wp-container-core-group-is-layout-6729bdbe wp-block-group-is-layout-constrained\">\n<h2 class=\"wp-block-heading ext-animate--on\">Specializuoti optiniai komponentai lazeriams<\/h2>\n\n\n\n<p class=\"has-text-align-left ext-animate--on\">Atraskite m\u016bs\u0173 auk\u0161tos kokyb\u0117s optinius sprendimus, kurie u\u017etikrina neprilygstam\u0105 na\u0161um\u0105 ir patikimum\u0105 mokslo ir pramon\u0117s laboratorijoms.<\/p>\n<\/div>\n\n\n\n<div class=\"wp-block-columns alignwide ext-animate--on is-layout-flex wp-container-core-columns-is-layout-174606dc wp-block-columns-is-layout-flex\">\n<div class=\"wp-block-column is-vertically-aligned-stretch ext-animate--on is-layout-flow wp-container-core-column-is-layout-119bc444 wp-block-column-is-layout-flow\">\n<div class=\"wp-block-cover is-style-ext-preset--image--natural-1--image-1--content-right is-style-ext-preset--image--natural-1--image-1--content-right--11\" style=\"padding-top:0;padding-bottom:0;min-height:100%;aspect-ratio:unset;\"><img loading=\"lazy\" decoding=\"async\" width=\"1280\" height=\"853\" class=\"wp-block-cover__image-background wp-image-85\" alt=\"\" src=\"https:\/\/uniqphotonics.com\/wp-content\/uploads\/2026\/03\/152e938b5946b763af6c8c0e247bb2c7a68b01ad.jpg\" data-object-fit=\"cover\" srcset=\"https:\/\/uniqphotonics.com\/wp-content\/uploads\/2026\/03\/152e938b5946b763af6c8c0e247bb2c7a68b01ad.jpg 1280w, https:\/\/uniqphotonics.com\/wp-content\/uploads\/2026\/03\/152e938b5946b763af6c8c0e247bb2c7a68b01ad-300x200.jpg 300w, https:\/\/uniqphotonics.com\/wp-content\/uploads\/2026\/03\/152e938b5946b763af6c8c0e247bb2c7a68b01ad-1024x682.jpg 1024w, https:\/\/uniqphotonics.com\/wp-content\/uploads\/2026\/03\/152e938b5946b763af6c8c0e247bb2c7a68b01ad-768x512.jpg 768w, https:\/\/uniqphotonics.com\/wp-content\/uploads\/2026\/03\/152e938b5946b763af6c8c0e247bb2c7a68b01ad-18x12.jpg 18w, https:\/\/uniqphotonics.com\/wp-content\/uploads\/2026\/03\/152e938b5946b763af6c8c0e247bb2c7a68b01ad-600x400.jpg 600w\" sizes=\"auto, (max-width: 1280px) 100vw, 1280px\" \/><span aria-hidden=\"true\" class=\"wp-block-cover__background has-background-dim-0 has-background-dim\"><\/span><div class=\"wp-block-cover__inner-container is-layout-flow wp-block-cover-is-layout-flow\">\n<div style=\"height:240px\" aria-hidden=\"true\" class=\"wp-block-spacer\"><\/div>\n<\/div><\/div>\n<\/div>\n\n\n\n<div class=\"wp-block-column is-vertically-aligned-center is-layout-flow wp-block-column-is-layout-flow\">\n<div class=\"wp-block-group is-style-ext-preset--group--natural-1--item-card-1--align-start has-global-padding is-layout-constrained wp-block-group-is-layout-constrained is-style-ext-preset--group--natural-1--item-card-1--align-start--12\">\n<div class=\"wp-block-group is-style-default has-global-padding is-layout-constrained wp-block-group-is-layout-constrained\">\n<div class=\"wp-block-group is-nowrap is-layout-flex wp-container-core-group-is-layout-64fa2afa wp-block-group-is-layout-flex\" style=\"padding-top:0;padding-right:0;padding-bottom:0;padding-left:0\">\n<figure class=\"wp-block-image size-large ext-aspect-landscape wp-duotone-primary-foreground\"><img decoding=\"async\" src=\"data:image\/svg+xml;base64,PHN2ZyB4bWxucz0iaHR0cDovL3d3dy53My5vcmcvMjAwMC9zdmciIHdpZHRoPSI0OCIgaGVpZ2h0PSI0OCIgZmlsbD0iIzAwMDAwMCIgdmlld0JveD0iMCAwIDI1NiAyNTYiPjxwYXRoIGQ9Ik0xNzIsNzZhNDQsNDQsMCwxLDAtNDQsNDRBNDQuMDUsNDQuMDUsMCwwLDAsMTcyLDc2Wm0tNDQsMjhhMjgsMjgsMCwxLDEsMjgtMjhBMjgsMjgsMCwwLDEsMTI4LDEwNFptNjAsMjRhNDQsNDQsMCwxLDAsNDQsNDRBNDQuMDUsNDQuMDUsMCwwLDAsMTg4LDEyOFptMCw3MmEyOCwyOCwwLDEsMSwyOC0yOEEyOCwyOCwwLDAsMSwxODgsMjAwWk02OCwxMjhhNDQsNDQsMCwxLDAsNDQsNDRBNDQuMDUsNDQuMDUsMCwwLDAsNjgsMTI4Wm0wLDcyYTI4LDI4LDAsMSwxLDI4LTI4QTI4LDI4LDAsMCwxLDY4LDIwMFoiPjwvcGF0aD48L3N2Zz4=\" alt=\"\" style=\"object-fit:cover\"\/><\/figure>\n\n\n\n<div class=\"wp-block-group wp-container-content-958eb9dc has-global-padding is-layout-constrained wp-container-core-group-is-layout-c06d165c wp-block-group-is-layout-constrained\" style=\"padding-top:0;padding-right:0;padding-bottom:0;padding-left:0\">\n<h3 class=\"wp-block-heading\">Optini\u0173 lang\u0173 kokyb\u0117<\/h3>\n\n\n\n<p>Tiksliai poliruoti langai, u\u017etikrinantys maksimal\u0173 \u0161viesos pralaidum\u0105 ir atsparum\u0105.<\/p>\n<\/div>\n<\/div>\n<\/div>\n<\/div>\n\n\n\n<div class=\"wp-block-group is-style-ext-preset--group--natural-1--item-card-1--align-start ext-animate--on has-global-padding is-layout-constrained wp-block-group-is-layout-constrained is-style-ext-preset--group--natural-1--item-card-1--align-start--13\">\n<div class=\"wp-block-group is-style-default has-global-padding is-layout-constrained wp-block-group-is-layout-constrained\">\n<div class=\"wp-block-group is-nowrap is-layout-flex wp-container-core-group-is-layout-64fa2afa wp-block-group-is-layout-flex\" style=\"padding-top:0;padding-right:0;padding-bottom:0;padding-left:0\">\n<figure class=\"wp-block-image size-large ext-aspect-landscape wp-duotone-primary-foreground\"><img decoding=\"async\" src=\"data:image\/svg+xml;base64,PHN2ZyB4bWxucz0iaHR0cDovL3d3dy53My5vcmcvMjAwMC9zdmciIHdpZHRoPSI0OCIgaGVpZ2h0PSI0OCIgZmlsbD0iIzAwMDAwMCIgdmlld0JveD0iMCAwIDI1NiAyNTYiPjxwYXRoIGQ9Ik04MCw0MGE0MCw0MCwwLDEsMCw0MCw0MEE0MCw0MCwwLDAsMCw4MCw0MFptMCw2NGEyNCwyNCwwLDEsMSwyNC0yNEEyNCwyNCwwLDAsMSw4MCwxMDRabTk2LDE2YTQwLDQwLDAsMSwwLTQwLTQwQTQwLDQwLDAsMCwwLDE3NiwxMjBabTAtNjRhMjQsMjQsMCwxLDEtMjQsMjRBMjQsMjQsMCwwLDEsMTc2LDU2Wk04MCwxMzZhNDAsNDAsMCwxLDAsNDAsNDBBNDAsNDAsMCwwLDAsODAsMTM2Wm0wLDY0YTI0LDI0LDAsMSwxLDI0LTI0QTI0LDI0LDAsMCwxLDgwLDIwMFptOTYtNjRhNDAsNDAsMCwxLDAsNDAsNDBBNDAsNDAsMCwwLDAsMTc2LDEzNlptMCw2NGEyNCwyNCwwLDEsMSwyNC0yNEEyNCwyNCwwLDAsMSwxNzYsMjAwWiI+PC9wYXRoPjwvc3ZnPg==\" alt=\"\" style=\"object-fit:cover\"\/><\/figure>\n\n\n\n<div class=\"wp-block-group wp-container-content-958eb9dc has-global-padding is-layout-constrained wp-container-core-group-is-layout-c06d165c wp-block-group-is-layout-constrained\" style=\"padding-top:0;padding-right:0;padding-bottom:0;padding-left:0\">\n<h3 class=\"wp-block-heading\">Filtr\u0173 na\u0161umas<\/h3>\n\n\n\n<p>Auk\u0161tos selektyvumo filtrai, skirti optimizuoti lazeri\u0173 bangos ilgius ir suma\u017einti triuk\u0161m\u0105.<\/p>\n<\/div>\n<\/div>\n<\/div>\n<\/div>\n\n\n\n<div class=\"wp-block-group is-style-ext-preset--group--natural-1--item-card-1--align-start ext-animate--on has-global-padding is-layout-constrained wp-block-group-is-layout-constrained is-style-ext-preset--group--natural-1--item-card-1--align-start--14\">\n<div class=\"wp-block-group is-style-default has-global-padding is-layout-constrained wp-block-group-is-layout-constrained\">\n<div class=\"wp-block-group is-nowrap is-layout-flex wp-container-core-group-is-layout-64fa2afa wp-block-group-is-layout-flex\" style=\"padding-top:0;padding-right:0;padding-bottom:0;padding-left:0\">\n<figure class=\"wp-block-image size-large ext-aspect-landscape wp-duotone-primary-foreground\"><img decoding=\"async\" src=\"data:image\/svg+xml;base64,PHN2ZyB4bWxucz0iaHR0cDovL3d3dy53My5vcmcvMjAwMC9zdmciIHdpZHRoPSI0OCIgaGVpZ2h0PSI0OCIgZmlsbD0iIzAwMDAwMCIgdmlld0JveD0iMCAwIDI1NiAyNTYiPjxwYXRoIGQ9Ik04MCw0MGE0MCw0MCwwLDEsMCw0MCw0MEE0MCw0MCwwLDAsMCw4MCw0MFptMCw2NGEyNCwyNCwwLDEsMSwyNC0yNEEyNCwyNCwwLDAsMSw4MCwxMDRabTk2LDE2YTQwLDQwLDAsMSwwLTQwLTQwQTQwLDQwLDAsMCwwLDE3NiwxMjBabTAtNjRhMjQsMjQsMCwxLDEtMjQsMjRBMjQsMjQsMCwwLDEsMTc2LDU2Wk04MCwxMzZhNDAsNDAsMCwxLDAsNDAsNDBBNDAsNDAsMCwwLDAsODAsMTM2Wm0wLDY0YTI0LDI0LDAsMSwxLDI0LTI0QTI0LDI0LDAsMCwxLDgwLDIwMFptMTM2LTI0YTgsOCwwLDAsMS04LDhIMTg0djI0YTgsOCwwLDAsMS0xNiwwVjE4NEgxNDRhOCw4LDAsMCwxLDAtMTZoMjRWMTQ0YTgsOCwwLDAsMSwxNiwwdjI0aDI0QTgsOCwwLDAsMSwyMTYsMTc2WiI+PC9wYXRoPjwvc3ZnPg==\" alt=\"\" style=\"object-fit:cover\"\/><\/figure>\n\n\n\n<div class=\"wp-block-group wp-container-content-958eb9dc has-global-padding is-layout-constrained wp-container-core-group-is-layout-c06d165c wp-block-group-is-layout-constrained\" style=\"padding-top:0;padding-right:0;padding-bottom:0;padding-left:0\">\n<h3 class=\"wp-block-heading\">Polarizacijos komponentai<\/h3>\n\n\n\n<p>Patikimi poliarizacijos elementai, pagerinantys optini\u0173 sistem\u0173 efektyvum\u0105.<\/p>\n<\/div>\n<\/div>\n<\/div>\n<\/div>\n<\/div>\n<\/div>\n<\/div>","protected":false},"excerpt":{"rendered":"<p>Auk\u0161tos kokyb\u0117s optiniai komponentai lazeri\u0173 pramonei Galerijoje rasite kruop\u0161\u010diai atrinkt\u0173 vaizd\u0173 rinkin\u012f, atskleid\u017eiant\u012f m\u016bs\u0173 produkt\u0173 unikalum\u0105 ir tikslum\u0105. Optiniai komponentai M\u016bs\u0173 optiniai komponentai pasi\u017eymi auk\u0161\u010diausia kokybe ir tikslumu, u\u017etikrindami nepriekai\u0161ting\u0105 lazerini\u0173 sistem\u0173 veikim\u0105. Sukurti profesionaliems moksliniams ir pramoniniams tyrimams, jie pagerina optinius signalus, pasi\u017eymi patvarumu ir inovatyviais sprendimais, prisidedan\u010diais prie efektyvumo ir tvarumo. Specializuoti optiniai [&hellip;]<\/p>\n","protected":false},"author":1,"featured_media":0,"parent":0,"menu_order":0,"comment_status":"closed","ping_status":"closed","template":"page-with-title","meta":{"_monsterinsights_skip_tracking":false,"_monsterinsights_sitenote_active":false,"_monsterinsights_sitenote_note":"","_monsterinsights_sitenote_category":0,"footnotes":""},"class_list":["post-44","page","type-page","status-publish","hentry"],"_links":{"self":[{"href":"https:\/\/uniqphotonics.com\/en\/wp-json\/wp\/v2\/pages\/44","targetHints":{"allow":["GET"]}}],"collection":[{"href":"https:\/\/uniqphotonics.com\/en\/wp-json\/wp\/v2\/pages"}],"about":[{"href":"https:\/\/uniqphotonics.com\/en\/wp-json\/wp\/v2\/types\/page"}],"author":[{"embeddable":true,"href":"https:\/\/uniqphotonics.com\/en\/wp-json\/wp\/v2\/users\/1"}],"replies":[{"embeddable":true,"href":"https:\/\/uniqphotonics.com\/en\/wp-json\/wp\/v2\/comments?post=44"}],"version-history":[{"count":2,"href":"https:\/\/uniqphotonics.com\/en\/wp-json\/wp\/v2\/pages\/44\/revisions"}],"predecessor-version":[{"id":103,"href":"https:\/\/uniqphotonics.com\/en\/wp-json\/wp\/v2\/pages\/44\/revisions\/103"}],"wp:attachment":[{"href":"https:\/\/uniqphotonics.com\/en\/wp-json\/wp\/v2\/media?parent=44"}],"curies":[{"name":"wp","href":"https:\/\/api.w.org\/{rel}","templated":true}]}}