{"id":45,"date":"2026-03-25T09:28:17","date_gmt":"2026-03-25T09:28:17","guid":{"rendered":"https:\/\/uniqphotonics.com\/portfolio\/"},"modified":"2026-03-25T09:39:00","modified_gmt":"2026-03-25T09:39:00","slug":"portfolio","status":"publish","type":"page","link":"https:\/\/uniqphotonics.com\/en\/portfolio\/","title":{"rendered":"Portfolio"},"content":{"rendered":"<div class=\"wp-block-group alignfull is-style-ext-preset--group--natural-1--section has-background-background-color has-background has-global-padding is-layout-constrained wp-container-core-group-is-layout-7276a2bb wp-block-group-is-layout-constrained\" style=\"margin-top:0;margin-bottom:0;padding-top:var(--wp--preset--spacing--60);padding-right:var(--wp--preset--spacing--30);padding-bottom:var(--wp--preset--spacing--60);padding-left:var(--wp--preset--spacing--30)\">\n<div class=\"wp-block-columns alignwide are-vertically-aligned-center is-layout-flex wp-container-core-columns-is-layout-47c06fe3 wp-block-columns-is-layout-flex\">\n<div class=\"wp-block-column is-vertically-aligned-center is-layout-flow wp-block-column-is-layout-flow\" style=\"flex-basis:60%\">\n<h2 class=\"wp-block-heading ext-animate--on has-large-font-size\">Optikos ekspertas Jonas.<\/h2>\n\n\n\n<p class=\"ext-animate--on\" style=\"margin-top:8px\">Projektas: Optini\u0173 sistem\u0173 k\u016brimas<\/p>\n\n\n\n<p class=\"ext-animate--on\" style=\"margin-top:16px\">Specialistas, turintis gilias \u017einias optikos komponent\u0173 srityje, atsakingas u\u017e lazerini\u0173 sistem\u0173 analiz\u0119 ir pritaikym\u0105. Jo patirtis apima auk\u0161tos kokyb\u0117s prietais\u0173 k\u016brim\u0105 ir inovatyvi\u0173 sprendim\u0173 diegim\u0105 moksliniuose tyrimuose.<\/p>\n\n\n\n<ul class=\"wp-block-social-links has-normal-icon-size has-icon-color is-style-logos-only ext-animate--on is-layout-flex wp-container-core-social-links-is-layout-ec7a6dbc wp-block-social-links-is-layout-flex\" style=\"margin-top:var(--wp--preset--spacing--30)\"><li style=\"color:#0B0620;\" class=\"wp-social-link wp-social-link-linkedin has-foreground-color wp-block-social-link\"><a href=\"#\" class=\"wp-block-social-link-anchor\"><svg width=\"24\" height=\"24\" viewbox=\"0 0 24 24\" version=\"1.1\" xmlns=\"http:\/\/www.w3.org\/2000\/svg\" aria-hidden=\"true\" focusable=\"false\"><path d=\"M19.7,3H4.3C3.582,3,3,3.582,3,4.3v15.4C3,20.418,3.582,21,4.3,21h15.4c0.718,0,1.3-0.582,1.3-1.3V4.3 C21,3.582,20.418,3,19.7,3z M8.339,18.338H5.667v-8.59h2.672V18.338z M7.004,8.574c-0.857,0-1.549-0.694-1.549-1.548 c0-0.855,0.691-1.548,1.549-1.548c0.854,0,1.547,0.694,1.547,1.548C8.551,7.881,7.858,8.574,7.004,8.574z M18.339,18.338h-2.669 v-4.177c0-0.996-0.017-2.278-1.387-2.278c-1.389,0-1.601,1.086-1.601,2.206v4.249h-2.667v-8.59h2.559v1.174h0.037 c0.356-0.675,1.227-1.387,2.526-1.387c2.703,0,3.203,1.779,3.203,4.092V18.338z\"><\/path><\/svg><span class=\"wp-block-social-link-label screen-reader-text\">LinkedIn<\/span><\/a><\/li>\n\n<li style=\"color:#0B0620;\" class=\"wp-social-link wp-social-link-x has-foreground-color wp-block-social-link\"><a href=\"#\" class=\"wp-block-social-link-anchor\"><svg width=\"24\" height=\"24\" viewbox=\"0 0 24 24\" version=\"1.1\" xmlns=\"http:\/\/www.w3.org\/2000\/svg\" aria-hidden=\"true\" focusable=\"false\"><path d=\"M13.982 10.622 20.54 3h-1.554l-5.693 6.618L8.745 3H3.5l6.876 10.007L3.5 21h1.554l6.012-6.989L15.868 21h5.245l-7.131-10.378Zm-2.128 2.474-.697-.997-5.543-7.93H8l4.474 6.4.697.996 5.815 8.318h-2.387l-4.745-6.787Z\" \/><\/svg><span class=\"wp-block-social-link-label screen-reader-text\">X<\/span><\/a><\/li>\n\n<li style=\"color:#0B0620;\" class=\"wp-social-link wp-social-link-dribbble has-foreground-color wp-block-social-link\"><a href=\"#\" class=\"wp-block-social-link-anchor\"><svg width=\"24\" height=\"24\" viewbox=\"0 0 24 24\" version=\"1.1\" xmlns=\"http:\/\/www.w3.org\/2000\/svg\" aria-hidden=\"true\" focusable=\"false\"><path d=\"M12,22C6.486,22,2,17.514,2,12S6.486,2,12,2c5.514,0,10,4.486,10,10S17.514,22,12,22z M20.434,13.369 c-0.292-0.092-2.644-0.794-5.32-0.365c1.117,3.07,1.572,5.57,1.659,6.09C18.689,17.798,20.053,15.745,20.434,13.369z M15.336,19.876c-0.127-0.749-0.623-3.361-1.822-6.477c-0.019,0.006-0.038,0.013-0.056,0.019c-4.818,1.679-6.547,5.02-6.701,5.334 c1.448,1.129,3.268,1.803,5.243,1.803C13.183,20.555,14.311,20.313,15.336,19.876z M5.654,17.724 c0.193-0.331,2.538-4.213,6.943-5.637c0.111-0.036,0.224-0.07,0.337-0.102c-0.214-0.485-0.448-0.971-0.692-1.45 c-4.266,1.277-8.405,1.223-8.778,1.216c-0.003,0.087-0.004,0.174-0.004,0.261C3.458,14.207,4.29,16.21,5.654,17.724z M3.639,10.264 c0.382,0.005,3.901,0.02,7.897-1.041c-1.415-2.516-2.942-4.631-3.167-4.94C5.979,5.41,4.193,7.613,3.639,10.264z M9.998,3.709 c0.236,0.316,1.787,2.429,3.187,5c3.037-1.138,4.323-2.867,4.477-3.085C16.154,4.286,14.17,3.471,12,3.471 C11.311,3.471,10.641,3.554,9.998,3.709z M18.612,6.612C18.432,6.855,17,8.69,13.842,9.979c0.199,0.407,0.389,0.821,0.567,1.237 c0.063,0.148,0.124,0.295,0.184,0.441c2.842-0.357,5.666,0.215,5.948,0.275C20.522,9.916,19.801,8.065,18.612,6.612z\"><\/path><\/svg><span class=\"wp-block-social-link-label screen-reader-text\">Dribbble<\/span><\/a><\/li><\/ul>\n<\/div>\n\n\n\n<div class=\"wp-block-column is-vertically-aligned-center is-layout-flow wp-container-core-column-is-layout-f5bb311e wp-block-column-is-layout-flow\" style=\"flex-basis:50%\">\n<figure class=\"wp-block-image is-style-ext-preset--image--natural-1--image-1--content-bottom ext-animate--on is-style-ext-preset--image--natural-1--image-1--content-bottom--2\"><img loading=\"lazy\" decoding=\"async\" width=\"1280\" height=\"1828\" class=\"wp-image-99\" src=\"https:\/\/uniqphotonics.com\/wp-content\/uploads\/2026\/03\/2b783ce0fcce64ff67550eff598174e761599f21.jpg\" alt=\"\" style=\"aspect-ratio:1;object-fit:cover\" srcset=\"https:\/\/uniqphotonics.com\/wp-content\/uploads\/2026\/03\/2b783ce0fcce64ff67550eff598174e761599f21.jpg 1280w, https:\/\/uniqphotonics.com\/wp-content\/uploads\/2026\/03\/2b783ce0fcce64ff67550eff598174e761599f21-210x300.jpg 210w, https:\/\/uniqphotonics.com\/wp-content\/uploads\/2026\/03\/2b783ce0fcce64ff67550eff598174e761599f21-717x1024.jpg 717w, https:\/\/uniqphotonics.com\/wp-content\/uploads\/2026\/03\/2b783ce0fcce64ff67550eff598174e761599f21-768x1097.jpg 768w, https:\/\/uniqphotonics.com\/wp-content\/uploads\/2026\/03\/2b783ce0fcce64ff67550eff598174e761599f21-1076x1536.jpg 1076w, https:\/\/uniqphotonics.com\/wp-content\/uploads\/2026\/03\/2b783ce0fcce64ff67550eff598174e761599f21-8x12.jpg 8w, https:\/\/uniqphotonics.com\/wp-content\/uploads\/2026\/03\/2b783ce0fcce64ff67550eff598174e761599f21-600x857.jpg 600w\" sizes=\"auto, (max-width: 1280px) 100vw, 1280px\" \/><\/figure>\n<\/div>\n<\/div>\n<\/div>\n\n<div class=\"wp-block-group alignfull is-style-ext-preset--group--natural-1--section has-tertiary-background-color has-background has-global-padding is-layout-constrained wp-block-group-is-layout-constrained\" style=\"margin-top:0;margin-bottom:0;padding-top:var(--wp--preset--spacing--70);padding-bottom:var(--wp--preset--spacing--70)\">\n<div class=\"wp-block-columns alignwide are-vertically-aligned-center is-layout-flex wp-container-core-columns-is-layout-174606dc wp-block-columns-is-layout-flex\">\n<div class=\"wp-block-column is-vertically-aligned-center is-layout-flow wp-block-column-is-layout-flow\">\n<figure class=\"wp-block-image is-style-ext-preset--image--natural-1--image-1--content-right ext-animate--on is-style-ext-preset--image--natural-1--image-1--content-right--4\"><img loading=\"lazy\" decoding=\"async\" width=\"1280\" height=\"720\" class=\"wp-image-97\" src=\"https:\/\/uniqphotonics.com\/wp-content\/uploads\/2026\/03\/380ebdfbbab432731c2ec5445fdd2dbb5cc9540a.jpg\" alt=\"\" style=\"aspect-ratio:1;object-fit:cover\" srcset=\"https:\/\/uniqphotonics.com\/wp-content\/uploads\/2026\/03\/380ebdfbbab432731c2ec5445fdd2dbb5cc9540a.jpg 1280w, https:\/\/uniqphotonics.com\/wp-content\/uploads\/2026\/03\/380ebdfbbab432731c2ec5445fdd2dbb5cc9540a-300x169.jpg 300w, https:\/\/uniqphotonics.com\/wp-content\/uploads\/2026\/03\/380ebdfbbab432731c2ec5445fdd2dbb5cc9540a-1024x576.jpg 1024w, https:\/\/uniqphotonics.com\/wp-content\/uploads\/2026\/03\/380ebdfbbab432731c2ec5445fdd2dbb5cc9540a-768x432.jpg 768w, https:\/\/uniqphotonics.com\/wp-content\/uploads\/2026\/03\/380ebdfbbab432731c2ec5445fdd2dbb5cc9540a-18x10.jpg 18w, https:\/\/uniqphotonics.com\/wp-content\/uploads\/2026\/03\/380ebdfbbab432731c2ec5445fdd2dbb5cc9540a-600x338.jpg 600w\" sizes=\"auto, (max-width: 1280px) 100vw, 1280px\" \/><\/figure>\n<\/div>\n\n\n\n<div class=\"wp-block-column is-vertically-aligned-center is-layout-flow wp-block-column-is-layout-flow\">\n<h2 class=\"wp-block-heading ext-animate--on\">Specializuotas optinis komponentas<\/h2>\n\n\n\n<p class=\"ext-animate--on\" style=\"margin-top:1.5rem\">Unikali optin\u0117 dalis, pasi\u017eyminti auk\u0161ta tikslumo lygmeniu ir patvarumu. Puikiai tinka moksliniams tyrimams ir lazerin\u0117ms sistemoms, u\u017etikrinant nepriekai\u0161ting\u0105 optin\u012f na\u0161um\u0105 ir ilgaam\u017ei\u0161kum\u0105.<\/p>\n\n\n\n<div class=\"wp-block-buttons ext-animate--on is-layout-flex wp-block-buttons-is-layout-flex\">\n<div class=\"wp-block-button is-style-ext-preset--button--natural-1--button-1 is-style-ext-preset--button--natural-1--button-1--5\"><a class=\"wp-block-button__link wp-element-button\" href=\"https:\/\/uniqphotonics.com\/en\/uzsakymas\/\">\u012esigyti dabar<\/a><\/div>\n<\/div>\n<\/div>\n<\/div>\n<\/div>\n\n<div class=\"wp-block-group alignfull is-style-ext-preset--group--natural-1--section has-background-background-color has-background has-global-padding is-layout-constrained wp-container-core-group-is-layout-f72f1611 wp-block-group-is-layout-constrained\" id=\"galerija\" style=\"margin-top:0;margin-bottom:0;padding-top:var(--wp--preset--spacing--70);padding-bottom:var(--wp--preset--spacing--70)\">\n<div class=\"wp-block-group alignwide ext-is-logical-start has-global-padding is-content-justification-left is-layout-constrained wp-container-core-group-is-layout-6729bdbe wp-block-group-is-layout-constrained\">\n<h2 class=\"wp-block-heading ext-animate--on\">Auk\u0161tos kokyb\u0117s optin\u0117s detal\u0117s mokslini\u0173 tyrim\u0173 laboratorijoms<\/h2>\n\n\n\n<p class=\"has-text-align-left ext-animate--on\">Atrinktos vaizd\u0173 galerijos, atspindin\u010dios m\u016bs\u0173 pa\u017eangius optinius sprendimus ir j\u0173 pritaikym\u0105.<\/p>\n<\/div>\n\n\n\n<div class=\"wp-block-columns alignwide are-vertically-aligned-top is-layout-flex wp-container-core-columns-is-layout-87beb0d0 wp-block-columns-is-layout-flex\">\n<div class=\"wp-block-column is-vertically-aligned-top ext-animate--on is-layout-flow wp-container-core-column-is-layout-f5bb311e wp-block-column-is-layout-flow\">\n<figure class=\"wp-block-image is-style-ext-preset--image--natural-1--image-1--content-bottom is-style-ext-preset--image--natural-1--image-1--content-bottom--7\"><img loading=\"lazy\" decoding=\"async\" width=\"1280\" height=\"720\" class=\"wp-image-104\" src=\"https:\/\/uniqphotonics.com\/wp-content\/uploads\/2026\/03\/b4ff9804b53b1de63be4b338eddbf1d1c694aed7.jpg\" alt=\"\" style=\"aspect-ratio:1;object-fit:cover\" srcset=\"https:\/\/uniqphotonics.com\/wp-content\/uploads\/2026\/03\/b4ff9804b53b1de63be4b338eddbf1d1c694aed7.jpg 1280w, https:\/\/uniqphotonics.com\/wp-content\/uploads\/2026\/03\/b4ff9804b53b1de63be4b338eddbf1d1c694aed7-300x169.jpg 300w, https:\/\/uniqphotonics.com\/wp-content\/uploads\/2026\/03\/b4ff9804b53b1de63be4b338eddbf1d1c694aed7-1024x576.jpg 1024w, https:\/\/uniqphotonics.com\/wp-content\/uploads\/2026\/03\/b4ff9804b53b1de63be4b338eddbf1d1c694aed7-768x432.jpg 768w, https:\/\/uniqphotonics.com\/wp-content\/uploads\/2026\/03\/b4ff9804b53b1de63be4b338eddbf1d1c694aed7-18x10.jpg 18w, https:\/\/uniqphotonics.com\/wp-content\/uploads\/2026\/03\/b4ff9804b53b1de63be4b338eddbf1d1c694aed7-600x338.jpg 600w\" sizes=\"auto, (max-width: 1280px) 100vw, 1280px\" \/><\/figure>\n\n\n\n<figure class=\"wp-block-image is-style-ext-preset--image--natural-1--image-1--content-bottom is-style-ext-preset--image--natural-1--image-1--content-bottom--8\"><img loading=\"lazy\" decoding=\"async\" width=\"1280\" height=\"720\" class=\"wp-image-97\" src=\"https:\/\/uniqphotonics.com\/wp-content\/uploads\/2026\/03\/380ebdfbbab432731c2ec5445fdd2dbb5cc9540a.jpg\" alt=\"\" style=\"aspect-ratio:1;object-fit:cover\" srcset=\"https:\/\/uniqphotonics.com\/wp-content\/uploads\/2026\/03\/380ebdfbbab432731c2ec5445fdd2dbb5cc9540a.jpg 1280w, https:\/\/uniqphotonics.com\/wp-content\/uploads\/2026\/03\/380ebdfbbab432731c2ec5445fdd2dbb5cc9540a-300x169.jpg 300w, https:\/\/uniqphotonics.com\/wp-content\/uploads\/2026\/03\/380ebdfbbab432731c2ec5445fdd2dbb5cc9540a-1024x576.jpg 1024w, https:\/\/uniqphotonics.com\/wp-content\/uploads\/2026\/03\/380ebdfbbab432731c2ec5445fdd2dbb5cc9540a-768x432.jpg 768w, https:\/\/uniqphotonics.com\/wp-content\/uploads\/2026\/03\/380ebdfbbab432731c2ec5445fdd2dbb5cc9540a-18x10.jpg 18w, https:\/\/uniqphotonics.com\/wp-content\/uploads\/2026\/03\/380ebdfbbab432731c2ec5445fdd2dbb5cc9540a-600x338.jpg 600w\" sizes=\"auto, (max-width: 1280px) 100vw, 1280px\" \/><\/figure>\n<\/div>\n\n\n\n<div class=\"wp-block-column is-vertically-aligned-top ext-animate--on is-layout-flow wp-container-core-column-is-layout-f5bb311e wp-block-column-is-layout-flow\">\n<figure class=\"wp-block-image is-style-ext-preset--image--natural-1--image-1--content-bottom is-style-ext-preset--image--natural-1--image-1--content-bottom--9\"><img loading=\"lazy\" decoding=\"async\" width=\"1440\" height=\"1080\" class=\"wp-image-87\" src=\"https:\/\/uniqphotonics.com\/wp-content\/uploads\/2026\/03\/d984b307eb3ee45053bfc2728d238fcd745422b4.jpg\" alt=\"\" style=\"aspect-ratio:1;object-fit:cover\" srcset=\"https:\/\/uniqphotonics.com\/wp-content\/uploads\/2026\/03\/d984b307eb3ee45053bfc2728d238fcd745422b4.jpg 1440w, https:\/\/uniqphotonics.com\/wp-content\/uploads\/2026\/03\/d984b307eb3ee45053bfc2728d238fcd745422b4-300x225.jpg 300w, https:\/\/uniqphotonics.com\/wp-content\/uploads\/2026\/03\/d984b307eb3ee45053bfc2728d238fcd745422b4-1024x768.jpg 1024w, https:\/\/uniqphotonics.com\/wp-content\/uploads\/2026\/03\/d984b307eb3ee45053bfc2728d238fcd745422b4-768x576.jpg 768w, https:\/\/uniqphotonics.com\/wp-content\/uploads\/2026\/03\/d984b307eb3ee45053bfc2728d238fcd745422b4-16x12.jpg 16w, https:\/\/uniqphotonics.com\/wp-content\/uploads\/2026\/03\/d984b307eb3ee45053bfc2728d238fcd745422b4-600x450.jpg 600w\" sizes=\"auto, (max-width: 1440px) 100vw, 1440px\" \/><\/figure>\n\n\n\n<figure class=\"wp-block-image is-style-ext-preset--image--natural-1--image-1--content-bottom is-style-ext-preset--image--natural-1--image-1--content-bottom--10\"><img loading=\"lazy\" decoding=\"async\" width=\"1440\" height=\"960\" class=\"wp-image-95\" src=\"https:\/\/uniqphotonics.com\/wp-content\/uploads\/2026\/03\/53badd46eb20b656d935054019ff1ae99d0d7273.jpg\" alt=\"\" style=\"aspect-ratio:1;object-fit:cover\" srcset=\"https:\/\/uniqphotonics.com\/wp-content\/uploads\/2026\/03\/53badd46eb20b656d935054019ff1ae99d0d7273.jpg 1440w, https:\/\/uniqphotonics.com\/wp-content\/uploads\/2026\/03\/53badd46eb20b656d935054019ff1ae99d0d7273-300x200.jpg 300w, https:\/\/uniqphotonics.com\/wp-content\/uploads\/2026\/03\/53badd46eb20b656d935054019ff1ae99d0d7273-1024x683.jpg 1024w, https:\/\/uniqphotonics.com\/wp-content\/uploads\/2026\/03\/53badd46eb20b656d935054019ff1ae99d0d7273-768x512.jpg 768w, https:\/\/uniqphotonics.com\/wp-content\/uploads\/2026\/03\/53badd46eb20b656d935054019ff1ae99d0d7273-18x12.jpg 18w, https:\/\/uniqphotonics.com\/wp-content\/uploads\/2026\/03\/53badd46eb20b656d935054019ff1ae99d0d7273-600x400.jpg 600w\" sizes=\"auto, (max-width: 1440px) 100vw, 1440px\" \/><\/figure>\n<\/div>\n\n\n\n<div class=\"wp-block-column is-vertically-aligned-top ext-animate--on is-layout-flow wp-container-core-column-is-layout-f5bb311e wp-block-column-is-layout-flow\">\n<figure class=\"wp-block-image is-style-ext-preset--image--natural-1--image-1--content-bottom is-style-ext-preset--image--natural-1--image-1--content-bottom--11\"><img loading=\"lazy\" decoding=\"async\" width=\"1280\" height=\"720\" class=\"wp-image-102\" src=\"https:\/\/uniqphotonics.com\/wp-content\/uploads\/2026\/03\/640cf32c9769be59758de230ce24f07550654969.jpg\" alt=\"\" style=\"aspect-ratio:1;object-fit:cover\" srcset=\"https:\/\/uniqphotonics.com\/wp-content\/uploads\/2026\/03\/640cf32c9769be59758de230ce24f07550654969.jpg 1280w, https:\/\/uniqphotonics.com\/wp-content\/uploads\/2026\/03\/640cf32c9769be59758de230ce24f07550654969-300x169.jpg 300w, https:\/\/uniqphotonics.com\/wp-content\/uploads\/2026\/03\/640cf32c9769be59758de230ce24f07550654969-1024x576.jpg 1024w, https:\/\/uniqphotonics.com\/wp-content\/uploads\/2026\/03\/640cf32c9769be59758de230ce24f07550654969-768x432.jpg 768w, https:\/\/uniqphotonics.com\/wp-content\/uploads\/2026\/03\/640cf32c9769be59758de230ce24f07550654969-18x10.jpg 18w, https:\/\/uniqphotonics.com\/wp-content\/uploads\/2026\/03\/640cf32c9769be59758de230ce24f07550654969-600x338.jpg 600w\" sizes=\"auto, (max-width: 1280px) 100vw, 1280px\" \/><\/figure>\n\n\n\n<figure class=\"wp-block-image is-style-ext-preset--image--natural-1--image-1--content-bottom is-style-ext-preset--image--natural-1--image-1--content-bottom--12\"><img loading=\"lazy\" decoding=\"async\" width=\"1280\" height=\"800\" class=\"wp-image-93\" src=\"https:\/\/uniqphotonics.com\/wp-content\/uploads\/2026\/03\/83ea153eadb12504c15a46f5c91aa1d9f59ae6b9.jpg\" alt=\"\" style=\"aspect-ratio:1;object-fit:cover\" srcset=\"https:\/\/uniqphotonics.com\/wp-content\/uploads\/2026\/03\/83ea153eadb12504c15a46f5c91aa1d9f59ae6b9.jpg 1280w, https:\/\/uniqphotonics.com\/wp-content\/uploads\/2026\/03\/83ea153eadb12504c15a46f5c91aa1d9f59ae6b9-300x188.jpg 300w, https:\/\/uniqphotonics.com\/wp-content\/uploads\/2026\/03\/83ea153eadb12504c15a46f5c91aa1d9f59ae6b9-1024x640.jpg 1024w, https:\/\/uniqphotonics.com\/wp-content\/uploads\/2026\/03\/83ea153eadb12504c15a46f5c91aa1d9f59ae6b9-768x480.jpg 768w, https:\/\/uniqphotonics.com\/wp-content\/uploads\/2026\/03\/83ea153eadb12504c15a46f5c91aa1d9f59ae6b9-18x12.jpg 18w, https:\/\/uniqphotonics.com\/wp-content\/uploads\/2026\/03\/83ea153eadb12504c15a46f5c91aa1d9f59ae6b9-600x375.jpg 600w\" sizes=\"auto, (max-width: 1280px) 100vw, 1280px\" \/><\/figure>\n<\/div>\n<\/div>\n<\/div>","protected":false},"excerpt":{"rendered":"<p>Optikos ekspertas Jonas. Projektas: Optini\u0173 sistem\u0173 k\u016brimas Specialistas, turintis gilias \u017einias optikos komponent\u0173 srityje, atsakingas u\u017e lazerini\u0173 sistem\u0173 analiz\u0119 ir pritaikym\u0105. Jo patirtis apima auk\u0161tos kokyb\u0117s prietais\u0173 k\u016brim\u0105 ir inovatyvi\u0173 sprendim\u0173 diegim\u0105 moksliniuose tyrimuose. Specializuotas optinis komponentas Unikali optin\u0117 dalis, pasi\u017eyminti auk\u0161ta tikslumo lygmeniu ir patvarumu. Puikiai tinka moksliniams tyrimams ir lazerin\u0117ms sistemoms, u\u017etikrinant nepriekai\u0161ting\u0105 [&hellip;]<\/p>\n","protected":false},"author":1,"featured_media":0,"parent":0,"menu_order":0,"comment_status":"closed","ping_status":"closed","template":"page-with-title","meta":{"_monsterinsights_skip_tracking":false,"_monsterinsights_sitenote_active":false,"_monsterinsights_sitenote_note":"","_monsterinsights_sitenote_category":0,"footnotes":""},"class_list":["post-45","page","type-page","status-publish","hentry"],"_links":{"self":[{"href":"https:\/\/uniqphotonics.com\/en\/wp-json\/wp\/v2\/pages\/45","targetHints":{"allow":["GET"]}}],"collection":[{"href":"https:\/\/uniqphotonics.com\/en\/wp-json\/wp\/v2\/pages"}],"about":[{"href":"https:\/\/uniqphotonics.com\/en\/wp-json\/wp\/v2\/types\/page"}],"author":[{"embeddable":true,"href":"https:\/\/uniqphotonics.com\/en\/wp-json\/wp\/v2\/users\/1"}],"replies":[{"embeddable":true,"href":"https:\/\/uniqphotonics.com\/en\/wp-json\/wp\/v2\/comments?post=45"}],"version-history":[{"count":2,"href":"https:\/\/uniqphotonics.com\/en\/wp-json\/wp\/v2\/pages\/45\/revisions"}],"predecessor-version":[{"id":105,"href":"https:\/\/uniqphotonics.com\/en\/wp-json\/wp\/v2\/pages\/45\/revisions\/105"}],"wp:attachment":[{"href":"https:\/\/uniqphotonics.com\/en\/wp-json\/wp\/v2\/media?parent=45"}],"curies":[{"name":"wp","href":"https:\/\/api.w.org\/{rel}","templated":true}]}}