{"id":46,"date":"2026-03-25T09:28:18","date_gmt":"2026-03-25T09:28:18","guid":{"rendered":"https:\/\/uniqphotonics.com\/naudinga-informacija\/"},"modified":"2026-03-25T09:39:01","modified_gmt":"2026-03-25T09:39:01","slug":"naudinga-informacija","status":"publish","type":"page","link":"https:\/\/uniqphotonics.com\/en\/naudinga-informacija\/","title":{"rendered":"Naudinga informacija"},"content":{"rendered":"<div class=\"wp-block-group alignfull is-style-ext-preset--group--natural-1--section has-background-background-color has-background has-global-padding is-layout-constrained wp-container-core-group-is-layout-e955bbaf wp-block-group-is-layout-constrained\" id=\"istekliai\" style=\"margin-top:0;margin-bottom:0;padding-top:var(--wp--preset--spacing--70);padding-bottom:var(--wp--preset--spacing--70)\">\n<h2 class=\"wp-block-heading has-text-align-center ext-animate--on\">Optini\u0173 komponent\u0173 asortimentas<\/h2>\n\n\n\n<p class=\"has-text-align-center ext-animate--on\" style=\"margin-top:1.5rem\">\u010cia rasite svarbiausius resursus, skirtus pad\u0117ti moksliniams tyrimams ir technologij\u0173 pl\u0117trai.<\/p>\n\n\n\n<div class=\"wp-block-columns alignwide is-layout-flex wp-container-core-columns-is-layout-08c01c1c wp-block-columns-is-layout-flex\">\n<div class=\"wp-block-column is-vertically-aligned-stretch ext-animate--on is-layout-flow wp-container-core-column-is-layout-f5bb311e wp-block-column-is-layout-flow\">\n<div class=\"wp-block-group is-style-ext-preset--group--natural-1--item-card-1--align-center has-global-padding is-layout-constrained wp-block-group-is-layout-constrained is-style-ext-preset--group--natural-1--item-card-1--align-center--2\">\n<figure class=\"wp-block-image aligncenter size-large ext-aspect-landscape\"><img loading=\"lazy\" decoding=\"async\" width=\"1440\" height=\"1080\" class=\"wp-image-87\" src=\"https:\/\/uniqphotonics.com\/wp-content\/uploads\/2026\/03\/d984b307eb3ee45053bfc2728d238fcd745422b4.jpg\" alt=\"\" style=\"aspect-ratio:4\/3;object-fit:cover\" srcset=\"https:\/\/uniqphotonics.com\/wp-content\/uploads\/2026\/03\/d984b307eb3ee45053bfc2728d238fcd745422b4.jpg 1440w, https:\/\/uniqphotonics.com\/wp-content\/uploads\/2026\/03\/d984b307eb3ee45053bfc2728d238fcd745422b4-300x225.jpg 300w, https:\/\/uniqphotonics.com\/wp-content\/uploads\/2026\/03\/d984b307eb3ee45053bfc2728d238fcd745422b4-1024x768.jpg 1024w, https:\/\/uniqphotonics.com\/wp-content\/uploads\/2026\/03\/d984b307eb3ee45053bfc2728d238fcd745422b4-768x576.jpg 768w, https:\/\/uniqphotonics.com\/wp-content\/uploads\/2026\/03\/d984b307eb3ee45053bfc2728d238fcd745422b4-16x12.jpg 16w, https:\/\/uniqphotonics.com\/wp-content\/uploads\/2026\/03\/d984b307eb3ee45053bfc2728d238fcd745422b4-600x450.jpg 600w\" sizes=\"auto, (max-width: 1440px) 100vw, 1440px\" \/><\/figure>\n\n\n\n<div class=\"wp-block-group is-style-default has-global-padding is-layout-constrained wp-block-group-is-layout-constrained\">\n<h3 class=\"wp-block-heading has-text-align-center\">Pirmoji tema<\/h3>\n\n\n\n<p class=\"has-text-align-center\">\u0160i tema ap\u017evelgia pagrindines s\u0105vokas, kurios prapl\u0117s j\u016bs\u0173 \u017einias optikos srityje.<\/p>\n\n\n\n<div class=\"wp-block-buttons is-content-justification-center is-layout-flex wp-container-core-buttons-is-layout-a89b3969 wp-block-buttons-is-layout-flex\">\n<div class=\"wp-block-button is-style-ext-preset--button--natural-1--button-1 is-style-ext-preset--button--natural-1--button-1--3\"><a class=\"wp-block-button__link wp-element-button\" href=\"https:\/\/uniqphotonics.com\/en\/kontaktai\/\">Su\u017einokite daugiau<\/a><\/div>\n<\/div>\n<\/div>\n<\/div>\n<\/div>\n\n\n\n<div class=\"wp-block-column is-vertically-aligned-stretch ext-animate--on is-layout-flow wp-container-core-column-is-layout-f5bb311e wp-block-column-is-layout-flow\">\n<div class=\"wp-block-group is-style-ext-preset--group--natural-1--item-card-1--align-center has-global-padding is-layout-constrained wp-block-group-is-layout-constrained is-style-ext-preset--group--natural-1--item-card-1--align-center--4\">\n<figure class=\"wp-block-image aligncenter size-large ext-aspect-landscape\"><img loading=\"lazy\" decoding=\"async\" width=\"1280\" height=\"853\" class=\"wp-image-106\" src=\"https:\/\/uniqphotonics.com\/wp-content\/uploads\/2026\/03\/5fe21ebbc14a4006fe80cd744d1b813e1dc04eb7.jpg\" alt=\"\" style=\"aspect-ratio:4\/3;object-fit:cover\" srcset=\"https:\/\/uniqphotonics.com\/wp-content\/uploads\/2026\/03\/5fe21ebbc14a4006fe80cd744d1b813e1dc04eb7.jpg 1280w, https:\/\/uniqphotonics.com\/wp-content\/uploads\/2026\/03\/5fe21ebbc14a4006fe80cd744d1b813e1dc04eb7-300x200.jpg 300w, https:\/\/uniqphotonics.com\/wp-content\/uploads\/2026\/03\/5fe21ebbc14a4006fe80cd744d1b813e1dc04eb7-1024x682.jpg 1024w, https:\/\/uniqphotonics.com\/wp-content\/uploads\/2026\/03\/5fe21ebbc14a4006fe80cd744d1b813e1dc04eb7-768x512.jpg 768w, https:\/\/uniqphotonics.com\/wp-content\/uploads\/2026\/03\/5fe21ebbc14a4006fe80cd744d1b813e1dc04eb7-18x12.jpg 18w, https:\/\/uniqphotonics.com\/wp-content\/uploads\/2026\/03\/5fe21ebbc14a4006fe80cd744d1b813e1dc04eb7-600x400.jpg 600w\" sizes=\"auto, (max-width: 1280px) 100vw, 1280px\" \/><\/figure>\n\n\n\n<div class=\"wp-block-group is-style-default has-global-padding is-layout-constrained wp-block-group-is-layout-constrained\">\n<h3 class=\"wp-block-heading has-text-align-center\">Antroji tema<\/h3>\n\n\n\n<p class=\"has-text-align-center\">\u0160i tema nagrin\u0117ja sud\u0117tingas metodikas ir inovatyvias technikas lazeri\u0173 optikoje.<\/p>\n\n\n\n<div class=\"wp-block-buttons is-content-justification-center is-layout-flex wp-container-core-buttons-is-layout-a89b3969 wp-block-buttons-is-layout-flex\">\n<div class=\"wp-block-button is-style-ext-preset--button--natural-1--button-1 is-style-ext-preset--button--natural-1--button-1--5\"><a class=\"wp-block-button__link wp-element-button\" href=\"https:\/\/uniqphotonics.com\/en\/kontaktai\/\">Su\u017einokite daugiau<\/a><\/div>\n<\/div>\n<\/div>\n<\/div>\n<\/div>\n\n\n\n<div class=\"wp-block-column is-vertically-aligned-stretch ext-animate--on is-layout-flow wp-container-core-column-is-layout-f5bb311e wp-block-column-is-layout-flow\">\n<div class=\"wp-block-group is-style-ext-preset--group--natural-1--item-card-1--align-center has-global-padding is-layout-constrained wp-block-group-is-layout-constrained is-style-ext-preset--group--natural-1--item-card-1--align-center--6\">\n<figure class=\"wp-block-image aligncenter size-large ext-aspect-landscape\"><img loading=\"lazy\" decoding=\"async\" width=\"1440\" height=\"960\" class=\"wp-image-95\" src=\"https:\/\/uniqphotonics.com\/wp-content\/uploads\/2026\/03\/53badd46eb20b656d935054019ff1ae99d0d7273.jpg\" alt=\"\" style=\"aspect-ratio:4\/3;object-fit:cover\" srcset=\"https:\/\/uniqphotonics.com\/wp-content\/uploads\/2026\/03\/53badd46eb20b656d935054019ff1ae99d0d7273.jpg 1440w, https:\/\/uniqphotonics.com\/wp-content\/uploads\/2026\/03\/53badd46eb20b656d935054019ff1ae99d0d7273-300x200.jpg 300w, https:\/\/uniqphotonics.com\/wp-content\/uploads\/2026\/03\/53badd46eb20b656d935054019ff1ae99d0d7273-1024x683.jpg 1024w, https:\/\/uniqphotonics.com\/wp-content\/uploads\/2026\/03\/53badd46eb20b656d935054019ff1ae99d0d7273-768x512.jpg 768w, https:\/\/uniqphotonics.com\/wp-content\/uploads\/2026\/03\/53badd46eb20b656d935054019ff1ae99d0d7273-18x12.jpg 18w, https:\/\/uniqphotonics.com\/wp-content\/uploads\/2026\/03\/53badd46eb20b656d935054019ff1ae99d0d7273-600x400.jpg 600w\" sizes=\"auto, (max-width: 1440px) 100vw, 1440px\" \/><\/figure>\n\n\n\n<div class=\"wp-block-group is-style-default has-global-padding is-layout-constrained wp-block-group-is-layout-constrained\">\n<h3 class=\"wp-block-heading has-text-align-center\">Tre\u010dioji tema<\/h3>\n\n\n\n<p class=\"has-text-align-center\">I\u0161samiai nagrin\u0117kite \u0161i\u0105 tem\u0105, kad \u012fgytum\u0117te pagrindini\u0173 \u017eini\u0173 ir verting\u0173 \u012f\u017evalg\u0173.<\/p>\n\n\n\n<div class=\"wp-block-buttons is-content-justification-center is-layout-flex wp-container-core-buttons-is-layout-a89b3969 wp-block-buttons-is-layout-flex\">\n<div class=\"wp-block-button is-style-ext-preset--button--natural-1--button-1 is-style-ext-preset--button--natural-1--button-1--7\"><a class=\"wp-block-button__link wp-element-button\" href=\"https:\/\/uniqphotonics.com\/en\/kontaktai\/\">Su\u017einokite daugiau<\/a><\/div>\n<\/div>\n<\/div>\n<\/div>\n<\/div>\n<\/div>\n<\/div>\n\n<div class=\"wp-block-group alignfull is-style-ext-preset--group--natural-1--section has-tertiary-background-color has-background has-global-padding is-layout-constrained wp-block-group-is-layout-constrained\" style=\"margin-top:0;margin-bottom:0;padding-top:var(--wp--preset--spacing--70);padding-bottom:var(--wp--preset--spacing--70)\">\n<div class=\"wp-block-columns alignwide are-vertically-aligned-center is-layout-flex wp-container-core-columns-is-layout-174606dc wp-block-columns-is-layout-flex\">\n<div class=\"wp-block-column is-vertically-aligned-center is-layout-flow wp-block-column-is-layout-flow\">\n<div class=\"wp-block-columns is-layout-flex wp-container-core-columns-is-layout-ea69a204 wp-block-columns-is-layout-flex\">\n<div class=\"wp-block-column ext-animate--on is-layout-flow wp-container-core-column-is-layout-22223934 wp-block-column-is-layout-flow\" style=\"flex-basis:136px\">\n<figure class=\"wp-block-image is-style-ext-preset--image--natural-1--image-1--content-left is-style-ext-preset--image--natural-1--image-1--content-left--9\"><img loading=\"lazy\" decoding=\"async\" width=\"1280\" height=\"720\" class=\"wp-image-97\" src=\"https:\/\/uniqphotonics.com\/wp-content\/uploads\/2026\/03\/380ebdfbbab432731c2ec5445fdd2dbb5cc9540a.jpg\" alt=\"\" style=\"aspect-ratio:1;object-fit:cover\" srcset=\"https:\/\/uniqphotonics.com\/wp-content\/uploads\/2026\/03\/380ebdfbbab432731c2ec5445fdd2dbb5cc9540a.jpg 1280w, https:\/\/uniqphotonics.com\/wp-content\/uploads\/2026\/03\/380ebdfbbab432731c2ec5445fdd2dbb5cc9540a-300x169.jpg 300w, https:\/\/uniqphotonics.com\/wp-content\/uploads\/2026\/03\/380ebdfbbab432731c2ec5445fdd2dbb5cc9540a-1024x576.jpg 1024w, https:\/\/uniqphotonics.com\/wp-content\/uploads\/2026\/03\/380ebdfbbab432731c2ec5445fdd2dbb5cc9540a-768x432.jpg 768w, https:\/\/uniqphotonics.com\/wp-content\/uploads\/2026\/03\/380ebdfbbab432731c2ec5445fdd2dbb5cc9540a-18x10.jpg 18w, https:\/\/uniqphotonics.com\/wp-content\/uploads\/2026\/03\/380ebdfbbab432731c2ec5445fdd2dbb5cc9540a-600x338.jpg 600w\" sizes=\"auto, (max-width: 1280px) 100vw, 1280px\" \/><\/figure>\n\n\n\n<figure class=\"wp-block-image is-style-ext-preset--image--natural-1--image-1--content-left is-style-ext-preset--image--natural-1--image-1--content-left--10\"><img loading=\"lazy\" decoding=\"async\" width=\"1440\" height=\"1080\" class=\"wp-image-87\" src=\"https:\/\/uniqphotonics.com\/wp-content\/uploads\/2026\/03\/d984b307eb3ee45053bfc2728d238fcd745422b4.jpg\" alt=\"\" style=\"aspect-ratio:1;object-fit:cover\" srcset=\"https:\/\/uniqphotonics.com\/wp-content\/uploads\/2026\/03\/d984b307eb3ee45053bfc2728d238fcd745422b4.jpg 1440w, https:\/\/uniqphotonics.com\/wp-content\/uploads\/2026\/03\/d984b307eb3ee45053bfc2728d238fcd745422b4-300x225.jpg 300w, https:\/\/uniqphotonics.com\/wp-content\/uploads\/2026\/03\/d984b307eb3ee45053bfc2728d238fcd745422b4-1024x768.jpg 1024w, https:\/\/uniqphotonics.com\/wp-content\/uploads\/2026\/03\/d984b307eb3ee45053bfc2728d238fcd745422b4-768x576.jpg 768w, https:\/\/uniqphotonics.com\/wp-content\/uploads\/2026\/03\/d984b307eb3ee45053bfc2728d238fcd745422b4-16x12.jpg 16w, https:\/\/uniqphotonics.com\/wp-content\/uploads\/2026\/03\/d984b307eb3ee45053bfc2728d238fcd745422b4-600x450.jpg 600w\" sizes=\"auto, (max-width: 1440px) 100vw, 1440px\" \/><\/figure>\n\n\n\n<figure class=\"wp-block-image is-style-ext-preset--image--natural-1--image-1--content-left is-style-ext-preset--image--natural-1--image-1--content-left--11\"><img loading=\"lazy\" decoding=\"async\" width=\"960\" height=\"1440\" class=\"wp-image-94\" src=\"https:\/\/uniqphotonics.com\/wp-content\/uploads\/2026\/03\/43ffb2f5d242291c02c88db000b430fe780ac2f8.jpg\" alt=\"\" style=\"aspect-ratio:1;object-fit:cover\" srcset=\"https:\/\/uniqphotonics.com\/wp-content\/uploads\/2026\/03\/43ffb2f5d242291c02c88db000b430fe780ac2f8.jpg 960w, https:\/\/uniqphotonics.com\/wp-content\/uploads\/2026\/03\/43ffb2f5d242291c02c88db000b430fe780ac2f8-200x300.jpg 200w, https:\/\/uniqphotonics.com\/wp-content\/uploads\/2026\/03\/43ffb2f5d242291c02c88db000b430fe780ac2f8-683x1024.jpg 683w, https:\/\/uniqphotonics.com\/wp-content\/uploads\/2026\/03\/43ffb2f5d242291c02c88db000b430fe780ac2f8-768x1152.jpg 768w, https:\/\/uniqphotonics.com\/wp-content\/uploads\/2026\/03\/43ffb2f5d242291c02c88db000b430fe780ac2f8-8x12.jpg 8w, https:\/\/uniqphotonics.com\/wp-content\/uploads\/2026\/03\/43ffb2f5d242291c02c88db000b430fe780ac2f8-600x900.jpg 600w\" sizes=\"auto, (max-width: 960px) 100vw, 960px\" \/><\/figure>\n\n\n\n<figure class=\"wp-block-image is-style-ext-preset--image--natural-1--image-1--content-left is-style-ext-preset--image--natural-1--image-1--content-left--12\"><img loading=\"lazy\" decoding=\"async\" width=\"1280\" height=\"853\" class=\"wp-image-106\" src=\"https:\/\/uniqphotonics.com\/wp-content\/uploads\/2026\/03\/5fe21ebbc14a4006fe80cd744d1b813e1dc04eb7.jpg\" alt=\"\" style=\"aspect-ratio:1;object-fit:cover\" srcset=\"https:\/\/uniqphotonics.com\/wp-content\/uploads\/2026\/03\/5fe21ebbc14a4006fe80cd744d1b813e1dc04eb7.jpg 1280w, https:\/\/uniqphotonics.com\/wp-content\/uploads\/2026\/03\/5fe21ebbc14a4006fe80cd744d1b813e1dc04eb7-300x200.jpg 300w, https:\/\/uniqphotonics.com\/wp-content\/uploads\/2026\/03\/5fe21ebbc14a4006fe80cd744d1b813e1dc04eb7-1024x682.jpg 1024w, https:\/\/uniqphotonics.com\/wp-content\/uploads\/2026\/03\/5fe21ebbc14a4006fe80cd744d1b813e1dc04eb7-768x512.jpg 768w, https:\/\/uniqphotonics.com\/wp-content\/uploads\/2026\/03\/5fe21ebbc14a4006fe80cd744d1b813e1dc04eb7-18x12.jpg 18w, https:\/\/uniqphotonics.com\/wp-content\/uploads\/2026\/03\/5fe21ebbc14a4006fe80cd744d1b813e1dc04eb7-600x400.jpg 600w\" sizes=\"auto, (max-width: 1280px) 100vw, 1280px\" \/><\/figure>\n<\/div>\n\n\n\n<div class=\"wp-block-column ext-animate--on is-layout-flow wp-block-column-is-layout-flow\">\n<div class=\"wp-block-cover is-style-ext-preset--image--natural-1--image-1--content-right is-style-ext-preset--image--natural-1--image-1--content-right--13\" style=\"padding-top:0;padding-bottom:0;min-height:100%;aspect-ratio:unset;\"><img loading=\"lazy\" decoding=\"async\" width=\"1280\" height=\"853\" class=\"wp-block-cover__image-background wp-image-85\" alt=\"\" src=\"https:\/\/uniqphotonics.com\/wp-content\/uploads\/2026\/03\/152e938b5946b763af6c8c0e247bb2c7a68b01ad.jpg\" data-object-fit=\"cover\" srcset=\"https:\/\/uniqphotonics.com\/wp-content\/uploads\/2026\/03\/152e938b5946b763af6c8c0e247bb2c7a68b01ad.jpg 1280w, https:\/\/uniqphotonics.com\/wp-content\/uploads\/2026\/03\/152e938b5946b763af6c8c0e247bb2c7a68b01ad-300x200.jpg 300w, https:\/\/uniqphotonics.com\/wp-content\/uploads\/2026\/03\/152e938b5946b763af6c8c0e247bb2c7a68b01ad-1024x682.jpg 1024w, https:\/\/uniqphotonics.com\/wp-content\/uploads\/2026\/03\/152e938b5946b763af6c8c0e247bb2c7a68b01ad-768x512.jpg 768w, https:\/\/uniqphotonics.com\/wp-content\/uploads\/2026\/03\/152e938b5946b763af6c8c0e247bb2c7a68b01ad-18x12.jpg 18w, https:\/\/uniqphotonics.com\/wp-content\/uploads\/2026\/03\/152e938b5946b763af6c8c0e247bb2c7a68b01ad-600x400.jpg 600w\" sizes=\"auto, (max-width: 1280px) 100vw, 1280px\" \/><span aria-hidden=\"true\" class=\"wp-block-cover__background has-background-dim-0 has-background-dim\"><\/span><div class=\"wp-block-cover__inner-container is-layout-flow wp-block-cover-is-layout-flow\">\n<div style=\"height:240px\" aria-hidden=\"true\" class=\"wp-block-spacer\"><\/div>\n<\/div><\/div>\n<\/div>\n<\/div>\n<\/div>\n\n\n\n<div class=\"wp-block-column is-vertically-aligned-center is-layout-flow wp-block-column-is-layout-flow\">\n<h2 class=\"wp-block-heading ext-animate--on\">Optinis komponentas<\/h2>\n\n\n\n<p class=\"ext-animate--on\" style=\"margin-top:1.5rem\">Atraskite m\u016bs\u0173 auk\u0161tos kokyb\u0117s optinius komponentus, sukurtus tiksliai laboratorij\u0173 ir lazeri\u0173 poreikiams. \u0160ie produktai i\u0161siskiria precizi\u0161ka konstrukcija, ilgaam\u017ei\u0161kumu ir inovatyviais sprendimais, u\u017etikrinan\u010diais patikimum\u0105 ir efektyvum\u0105 j\u016bs\u0173 moksliniams tyrimams ar pramon\u0117s projektams.<\/p>\n\n\n\n<div class=\"wp-block-buttons ext-animate--on is-layout-flex wp-block-buttons-is-layout-flex\">\n<div class=\"wp-block-button is-style-ext-preset--button--natural-1--button-1 is-style-ext-preset--button--natural-1--button-1--14\"><a class=\"wp-block-button__link wp-element-button\" href=\"https:\/\/uniqphotonics.com\/en\/uzsakymas\/\">U\u017esisakyti dabar<\/a><\/div>\n<\/div>\n<\/div>\n<\/div>\n<\/div>\n\n<div class=\"wp-block-group alignfull is-style-ext-preset--group--natural-1--section has-background-background-color has-background has-global-padding is-layout-constrained wp-container-core-group-is-layout-e955bbaf wp-block-group-is-layout-constrained\" id=\"savybes\" style=\"margin-top:0;margin-bottom:0;padding-top:var(--wp--preset--spacing--70);padding-bottom:var(--wp--preset--spacing--70)\">\n<h2 class=\"wp-block-heading has-text-align-center ext-animate--on\">Specializuoti optiniai komponentai lazeriams ir laboratorijoms<\/h2>\n\n\n\n<p class=\"has-text-align-center ext-animate--on\" style=\"margin-top:1.5rem\">\u0160iame skyriuje pristatomos m\u016bs\u0173 auk\u0161tos kokyb\u0117s optikos savyb\u0117s ir taikymo galimyb\u0117s, kurios u\u017etikrina nepriekai\u0161ting\u0105 veikim\u0105 mokslo ir pramon\u0117s srityse.<\/p>\n\n\n\n<div class=\"wp-block-columns alignwide is-layout-flex wp-container-core-columns-is-layout-08c01c1c wp-block-columns-is-layout-flex\">\n<div class=\"wp-block-column ext-animate--on is-layout-flow wp-block-column-is-layout-flow\">\n<div class=\"wp-block-group is-style-ext-preset--group--natural-1--item-card-1--align-center has-global-padding is-layout-constrained wp-block-group-is-layout-constrained is-style-ext-preset--group--natural-1--item-card-1--align-center--16\">\n<figure class=\"wp-block-image\"><img loading=\"lazy\" decoding=\"async\" width=\"1280\" height=\"720\" class=\"wp-image-97\" src=\"https:\/\/uniqphotonics.com\/wp-content\/uploads\/2026\/03\/380ebdfbbab432731c2ec5445fdd2dbb5cc9540a.jpg\" alt=\"\" style=\"aspect-ratio:4\/3;object-fit:cover\" srcset=\"https:\/\/uniqphotonics.com\/wp-content\/uploads\/2026\/03\/380ebdfbbab432731c2ec5445fdd2dbb5cc9540a.jpg 1280w, https:\/\/uniqphotonics.com\/wp-content\/uploads\/2026\/03\/380ebdfbbab432731c2ec5445fdd2dbb5cc9540a-300x169.jpg 300w, https:\/\/uniqphotonics.com\/wp-content\/uploads\/2026\/03\/380ebdfbbab432731c2ec5445fdd2dbb5cc9540a-1024x576.jpg 1024w, https:\/\/uniqphotonics.com\/wp-content\/uploads\/2026\/03\/380ebdfbbab432731c2ec5445fdd2dbb5cc9540a-768x432.jpg 768w, https:\/\/uniqphotonics.com\/wp-content\/uploads\/2026\/03\/380ebdfbbab432731c2ec5445fdd2dbb5cc9540a-18x10.jpg 18w, https:\/\/uniqphotonics.com\/wp-content\/uploads\/2026\/03\/380ebdfbbab432731c2ec5445fdd2dbb5cc9540a-600x338.jpg 600w\" sizes=\"auto, (max-width: 1280px) 100vw, 1280px\" \/><\/figure>\n\n\n\n<div class=\"wp-block-group is-style-default has-global-padding is-layout-constrained wp-block-group-is-layout-constrained\">\n<h3 class=\"wp-block-heading has-text-align-center\">Optin\u0117s langin\u0117s<\/h3>\n\n\n\n<p class=\"has-text-align-center\">Auk\u0161tos skaidrumo langin\u0117s, optimizuotos lazerin\u0117ms sistemoms ir tyrimams.<\/p>\n<\/div>\n<\/div>\n<\/div>\n\n\n\n<div class=\"wp-block-column ext-animate--on is-layout-flow wp-block-column-is-layout-flow\">\n<div class=\"wp-block-group is-style-ext-preset--group--natural-1--item-card-1--align-center has-global-padding is-layout-constrained wp-block-group-is-layout-constrained is-style-ext-preset--group--natural-1--item-card-1--align-center--17\">\n<figure class=\"wp-block-image\"><img loading=\"lazy\" decoding=\"async\" width=\"1440\" height=\"1080\" class=\"wp-image-87\" src=\"https:\/\/uniqphotonics.com\/wp-content\/uploads\/2026\/03\/d984b307eb3ee45053bfc2728d238fcd745422b4.jpg\" alt=\"\" style=\"aspect-ratio:4\/3;object-fit:cover\" srcset=\"https:\/\/uniqphotonics.com\/wp-content\/uploads\/2026\/03\/d984b307eb3ee45053bfc2728d238fcd745422b4.jpg 1440w, https:\/\/uniqphotonics.com\/wp-content\/uploads\/2026\/03\/d984b307eb3ee45053bfc2728d238fcd745422b4-300x225.jpg 300w, https:\/\/uniqphotonics.com\/wp-content\/uploads\/2026\/03\/d984b307eb3ee45053bfc2728d238fcd745422b4-1024x768.jpg 1024w, https:\/\/uniqphotonics.com\/wp-content\/uploads\/2026\/03\/d984b307eb3ee45053bfc2728d238fcd745422b4-768x576.jpg 768w, https:\/\/uniqphotonics.com\/wp-content\/uploads\/2026\/03\/d984b307eb3ee45053bfc2728d238fcd745422b4-16x12.jpg 16w, https:\/\/uniqphotonics.com\/wp-content\/uploads\/2026\/03\/d984b307eb3ee45053bfc2728d238fcd745422b4-600x450.jpg 600w\" sizes=\"auto, (max-width: 1440px) 100vw, 1440px\" \/><\/figure>\n\n\n\n<div class=\"wp-block-group is-style-default has-global-padding is-layout-constrained wp-block-group-is-layout-constrained\">\n<h3 class=\"wp-block-heading has-text-align-center\">Polarizacijos komponentai<\/h3>\n\n\n\n<p class=\"has-text-align-center\">Tiksl\u016bs polarizacijos filtrai ir plok\u0161tel\u0117s, u\u017etikrinantys efektyv\u0173 \u0161viesos valdym\u0105.<\/p>\n<\/div>\n<\/div>\n<\/div>\n\n\n\n<div class=\"wp-block-column ext-animate--on is-layout-flow wp-block-column-is-layout-flow\">\n<div class=\"wp-block-group is-style-ext-preset--group--natural-1--item-card-1--align-center has-global-padding is-layout-constrained wp-block-group-is-layout-constrained is-style-ext-preset--group--natural-1--item-card-1--align-center--18\">\n<figure class=\"wp-block-image\"><img loading=\"lazy\" decoding=\"async\" width=\"1280\" height=\"720\" class=\"wp-image-102\" src=\"https:\/\/uniqphotonics.com\/wp-content\/uploads\/2026\/03\/640cf32c9769be59758de230ce24f07550654969.jpg\" alt=\"\" style=\"aspect-ratio:4\/3;object-fit:cover\" srcset=\"https:\/\/uniqphotonics.com\/wp-content\/uploads\/2026\/03\/640cf32c9769be59758de230ce24f07550654969.jpg 1280w, https:\/\/uniqphotonics.com\/wp-content\/uploads\/2026\/03\/640cf32c9769be59758de230ce24f07550654969-300x169.jpg 300w, https:\/\/uniqphotonics.com\/wp-content\/uploads\/2026\/03\/640cf32c9769be59758de230ce24f07550654969-1024x576.jpg 1024w, https:\/\/uniqphotonics.com\/wp-content\/uploads\/2026\/03\/640cf32c9769be59758de230ce24f07550654969-768x432.jpg 768w, https:\/\/uniqphotonics.com\/wp-content\/uploads\/2026\/03\/640cf32c9769be59758de230ce24f07550654969-18x10.jpg 18w, https:\/\/uniqphotonics.com\/wp-content\/uploads\/2026\/03\/640cf32c9769be59758de230ce24f07550654969-600x338.jpg 600w\" sizes=\"auto, (max-width: 1280px) 100vw, 1280px\" \/><\/figure>\n\n\n\n<div class=\"wp-block-group is-style-default has-global-padding is-layout-constrained wp-block-group-is-layout-constrained\">\n<h3 class=\"wp-block-heading has-text-align-center\">Lazeriniai kristalai<\/h3>\n\n\n\n<p class=\"has-text-align-center\">Auk\u0161tos kokyb\u0117s kristalai, skirti lazeri\u0173 generavimui ir stabilumui u\u017etikrinti.<\/p>\n<\/div>\n<\/div>\n<\/div>\n<\/div>\n<\/div>","protected":false},"excerpt":{"rendered":"<p>Optini\u0173 komponent\u0173 asortimentas \u010cia rasite svarbiausius resursus, skirtus pad\u0117ti moksliniams tyrimams ir technologij\u0173 pl\u0117trai. Pirmoji tema \u0160i tema ap\u017evelgia pagrindines s\u0105vokas, kurios prapl\u0117s j\u016bs\u0173 \u017einias optikos srityje. Antroji tema \u0160i tema nagrin\u0117ja sud\u0117tingas metodikas ir inovatyvias technikas lazeri\u0173 optikoje. Tre\u010dioji tema I\u0161samiai nagrin\u0117kite \u0161i\u0105 tem\u0105, kad \u012fgytum\u0117te pagrindini\u0173 \u017eini\u0173 ir verting\u0173 \u012f\u017evalg\u0173. Optinis komponentas Atraskite [&hellip;]<\/p>\n","protected":false},"author":1,"featured_media":0,"parent":0,"menu_order":0,"comment_status":"closed","ping_status":"closed","template":"page-with-title","meta":{"_monsterinsights_skip_tracking":false,"_monsterinsights_sitenote_active":false,"_monsterinsights_sitenote_note":"","_monsterinsights_sitenote_category":0,"footnotes":""},"class_list":["post-46","page","type-page","status-publish","hentry"],"_links":{"self":[{"href":"https:\/\/uniqphotonics.com\/en\/wp-json\/wp\/v2\/pages\/46","targetHints":{"allow":["GET"]}}],"collection":[{"href":"https:\/\/uniqphotonics.com\/en\/wp-json\/wp\/v2\/pages"}],"about":[{"href":"https:\/\/uniqphotonics.com\/en\/wp-json\/wp\/v2\/types\/page"}],"author":[{"embeddable":true,"href":"https:\/\/uniqphotonics.com\/en\/wp-json\/wp\/v2\/users\/1"}],"replies":[{"embeddable":true,"href":"https:\/\/uniqphotonics.com\/en\/wp-json\/wp\/v2\/comments?post=46"}],"version-history":[{"count":2,"href":"https:\/\/uniqphotonics.com\/en\/wp-json\/wp\/v2\/pages\/46\/revisions"}],"predecessor-version":[{"id":107,"href":"https:\/\/uniqphotonics.com\/en\/wp-json\/wp\/v2\/pages\/46\/revisions\/107"}],"wp:attachment":[{"href":"https:\/\/uniqphotonics.com\/en\/wp-json\/wp\/v2\/media?parent=46"}],"curies":[{"name":"wp","href":"https:\/\/api.w.org\/{rel}","templated":true}]}}