{"id":51,"date":"2026-03-25T09:28:57","date_gmt":"2026-03-25T09:28:57","guid":{"rendered":"https:\/\/uniqphotonics.com\/produktas\/dichroinis-filtras-532-nm\/"},"modified":"2026-03-25T09:28:57","modified_gmt":"2026-03-25T09:28:57","slug":"dichroinis-filtras-532-nm","status":"publish","type":"product","link":"https:\/\/uniqphotonics.com\/en\/product\/dichroinis-filtras-532-nm\/","title":{"rendered":"Dichroinis filtras 532 nm"},"content":{"rendered":"<p>Dichroinis filtras, skirtas 532 nm bangos ilgiui, u\u017etikrina auk\u0161t\u0105 selektyvum\u0105 ir efektyv\u0173 \u0161viesos atspind\u0117jim\u0105. Puikiai tinka lazeri\u0173 ir optini\u0173 sistem\u0173 pritaikymams.<\/p>","protected":false},"excerpt":{"rendered":"<p>Dichroinis filtras, skirtas 532 nm bangos ilgiui, u\u017etikrina auk\u0161t\u0105 selektyvum\u0105 ir efektyv\u0173 \u0161viesos atspind\u0117jim\u0105. Puikiai tinka lazeri\u0173 ir optini\u0173 sistem\u0173 pritaikymams.<\/p>","protected":false},"featured_media":0,"comment_status":"open","ping_status":"closed","template":"","meta":{"_monsterinsights_skip_tracking":false,"_monsterinsights_sitenote_active":false,"_monsterinsights_sitenote_note":"","_monsterinsights_sitenote_category":0},"product_brand":[],"product_cat":[23],"product_tag":[],"class_list":{"0":"post-51","1":"product","2":"type-product","3":"status-publish","5":"product_cat-optiniai-filtrai","7":"first","8":"instock","9":"shipping-taxable","10":"purchasable","11":"product-type-simple"},"_links":{"self":[{"href":"https:\/\/uniqphotonics.com\/en\/wp-json\/wp\/v2\/product\/51","targetHints":{"allow":["GET"]}}],"collection":[{"href":"https:\/\/uniqphotonics.com\/en\/wp-json\/wp\/v2\/product"}],"about":[{"href":"https:\/\/uniqphotonics.com\/en\/wp-json\/wp\/v2\/types\/product"}],"replies":[{"embeddable":true,"href":"https:\/\/uniqphotonics.com\/en\/wp-json\/wp\/v2\/comments?post=51"}],"wp:attachment":[{"href":"https:\/\/uniqphotonics.com\/en\/wp-json\/wp\/v2\/media?parent=51"}],"wp:term":[{"taxonomy":"product_brand","embeddable":true,"href":"https:\/\/uniqphotonics.com\/en\/wp-json\/wp\/v2\/product_brand?post=51"},{"taxonomy":"product_cat","embeddable":true,"href":"https:\/\/uniqphotonics.com\/en\/wp-json\/wp\/v2\/product_cat?post=51"},{"taxonomy":"product_tag","embeddable":true,"href":"https:\/\/uniqphotonics.com\/en\/wp-json\/wp\/v2\/product_tag?post=51"}],"curies":[{"name":"wp","href":"https:\/\/api.w.org\/{rel}","templated":true}]}}