{"id":65,"date":"2026-03-25T09:28:57","date_gmt":"2026-03-25T09:28:57","guid":{"rendered":"https:\/\/uniqphotonics.com\/produktas\/dielektrinis-veidrodis-30-kampu\/"},"modified":"2026-03-25T09:28:57","modified_gmt":"2026-03-25T09:28:57","slug":"dielektrinis-veidrodis-30-kampu","status":"publish","type":"product","link":"https:\/\/uniqphotonics.com\/en\/product\/dielektrinis-veidrodis-30-kampu\/","title":{"rendered":"Dielektrinis veidrodis 30\u00b0 kampu"},"content":{"rendered":"<p>Dielektrinis veidrodis, optimizuotas 30\u00b0 kampui, u\u017etikrina auk\u0161t\u0105 atspind\u0117jimo efektyvum\u0105 ir ilgaam\u017ei\u0161kum\u0105. Tinka lazeri\u0173 sistemoms ir optiniams eksperimentams.<\/p>","protected":false},"excerpt":{"rendered":"<p>Dielektrinis veidrodis, optimizuotas 30\u00b0 kampui, u\u017etikrina auk\u0161t\u0105 atspind\u0117jimo efektyvum\u0105 ir ilgaam\u017ei\u0161kum\u0105. Tinka lazeri\u0173 sistemoms ir optiniams eksperimentams.<\/p>","protected":false},"featured_media":0,"comment_status":"open","ping_status":"closed","template":"","meta":{"_monsterinsights_skip_tracking":false,"_monsterinsights_sitenote_active":false,"_monsterinsights_sitenote_note":"","_monsterinsights_sitenote_category":0},"product_brand":[],"product_cat":[25],"product_tag":[],"class_list":{"0":"post-65","1":"product","2":"type-product","3":"status-publish","5":"product_cat-optiniai-veidrodziai","7":"first","8":"instock","9":"shipping-taxable","10":"purchasable","11":"product-type-simple"},"_links":{"self":[{"href":"https:\/\/uniqphotonics.com\/en\/wp-json\/wp\/v2\/product\/65","targetHints":{"allow":["GET"]}}],"collection":[{"href":"https:\/\/uniqphotonics.com\/en\/wp-json\/wp\/v2\/product"}],"about":[{"href":"https:\/\/uniqphotonics.com\/en\/wp-json\/wp\/v2\/types\/product"}],"replies":[{"embeddable":true,"href":"https:\/\/uniqphotonics.com\/en\/wp-json\/wp\/v2\/comments?post=65"}],"wp:attachment":[{"href":"https:\/\/uniqphotonics.com\/en\/wp-json\/wp\/v2\/media?parent=65"}],"wp:term":[{"taxonomy":"product_brand","embeddable":true,"href":"https:\/\/uniqphotonics.com\/en\/wp-json\/wp\/v2\/product_brand?post=65"},{"taxonomy":"product_cat","embeddable":true,"href":"https:\/\/uniqphotonics.com\/en\/wp-json\/wp\/v2\/product_cat?post=65"},{"taxonomy":"product_tag","embeddable":true,"href":"https:\/\/uniqphotonics.com\/en\/wp-json\/wp\/v2\/product_tag?post=65"}],"curies":[{"name":"wp","href":"https:\/\/api.w.org\/{rel}","templated":true}]}}